{"id":1407,"date":"2018-03-13T18:22:23","date_gmt":"2018-03-13T18:22:23","guid":{"rendered":"http:\/\/acolvise.org\/inicio\/?page_id=1407"},"modified":"2018-04-30T15:53:05","modified_gmt":"2018-04-30T15:53:05","slug":"nosotros","status":"publish","type":"page","link":"http:\/\/acolvise.org\/inicio\/nosotros\/","title":{"rendered":"Nosotros"},"content":{"rendered":"\t\t<div data-elementor-type=\"wp-page\" data-elementor-id=\"1407\" class=\"elementor elementor-1407 elementor-bc-flex-widget\">\n\t\t\t\t\t\t<div class=\"elementor-inner\">\n\t\t\t\t<div class=\"elementor-section-wrap\">\n\t\t\t\t\t\t\t\t\t<section data-particle_enable=\"false\" data-particle-mobile-disabled=\"false\" class=\"elementor-section elementor-top-section elementor-element elementor-element-8b3cee8 elementor-section-stretched elementor-section-height-min-height elementor-section-full_width elementor-section-height-default elementor-section-items-middle\" data-id=\"8b3cee8\" data-element_type=\"section\" data-settings=\"{&quot;stretch_section&quot;:&quot;section-stretched&quot;,&quot;background_background&quot;:&quot;classic&quot;}\">\n\t\t\t\t\t\t<div class=\"elementor-container elementor-column-gap-default\">\n\t\t\t\t\t\t\t<div class=\"elementor-row\">\n\t\t\t\t\t<div class=\"elementor-column elementor-col-33 elementor-top-column elementor-element elementor-element-de3f083\" data-id=\"de3f083\" data-element_type=\"column\">\n\t\t\t<div class=\"elementor-column-wrap\">\n\t\t\t\t\t\t\t<div class=\"elementor-widget-wrap\">\n\t\t\t\t\t\t\t\t<\/div>\n\t\t\t\t\t<\/div>\n\t\t<\/div>\n\t\t\t\t<div class=\"elementor-column elementor-col-33 elementor-top-column elementor-element elementor-element-b055b65\" data-id=\"b055b65\" data-element_type=\"column\" data-settings=\"{&quot;background_background&quot;:&quot;classic&quot;}\">\n\t\t\t<div class=\"elementor-column-wrap elementor-element-populated\">\n\t\t\t\t\t\t\t<div class=\"elementor-widget-wrap\">\n\t\t\t\t\t\t<div class=\"elementor-element elementor-element-2b7d279 elementor-widget elementor-widget-image\" data-id=\"2b7d279\" data-element_type=\"widget\" data-widget_type=\"image.default\">\n\t\t\t\t<div class=\"elementor-widget-container\">\n\t\t\t\t\t\t\t\t<div class=\"elementor-image\">\n\t\t\t\t\t\t\t\t\t\t\t\t<img width=\"1024\" height=\"372\" src=\"http:\/\/acolvise.org\/wp-content\/uploads\/2018\/03\/ACOLVISE-LOGO-BLANCO-HORIZONTAL-1024x372.png\" class=\"attachment-large size-large\" alt=\"\" loading=\"lazy\" srcset=\"http:\/\/acolvise.org\/wp-content\/uploads\/2018\/03\/ACOLVISE-LOGO-BLANCO-HORIZONTAL-1024x372.png 1024w, http:\/\/acolvise.org\/wp-content\/uploads\/2018\/03\/ACOLVISE-LOGO-BLANCO-HORIZONTAL-300x109.png 300w, http:\/\/acolvise.org\/wp-content\/uploads\/2018\/03\/ACOLVISE-LOGO-BLANCO-HORIZONTAL-768x279.png 768w\" sizes=\"(max-width: 1024px) 100vw, 1024px\" \/>\t\t\t\t\t\t\t\t\t\t\t\t\t\t<\/div>\n\t\t\t\t\t\t<\/div>\n\t\t\t\t<\/div>\n\t\t\t\t\t\t<\/div>\n\t\t\t\t\t<\/div>\n\t\t<\/div>\n\t\t\t\t<div class=\"elementor-column elementor-col-33 elementor-top-column elementor-element elementor-element-833890e\" data-id=\"833890e\" data-element_type=\"column\">\n\t\t\t<div class=\"elementor-column-wrap\">\n\t\t\t\t\t\t\t<div class=\"elementor-widget-wrap\">\n\t\t\t\t\t\t\t\t<\/div>\n\t\t\t\t\t<\/div>\n\t\t<\/div>\n\t\t\t\t\t\t\t\t<\/div>\n\t\t\t\t\t<\/div>\n\t\t<\/section>\n\t\t\t\t<section data-particle_enable=\"false\" data-particle-mobile-disabled=\"false\" class=\"elementor-section elementor-top-section elementor-element elementor-element-cf9b378 elementor-section-stretched elementor-section-boxed elementor-section-height-default elementor-section-height-default\" data-id=\"cf9b378\" data-element_type=\"section\" data-settings=\"{&quot;stretch_section&quot;:&quot;section-stretched&quot;}\">\n\t\t\t\t\t\t<div class=\"elementor-container elementor-column-gap-default\">\n\t\t\t\t\t\t\t<div class=\"elementor-row\">\n\t\t\t\t\t<div class=\"elementor-column elementor-col-100 elementor-top-column elementor-element elementor-element-362fa5a\" data-id=\"362fa5a\" data-element_type=\"column\">\n\t\t\t<div class=\"elementor-column-wrap elementor-element-populated\">\n\t\t\t\t\t\t\t<div class=\"elementor-widget-wrap\">\n\t\t\t\t\t\t<div class=\"elementor-element elementor-element-d51f037 elementor-widget elementor-widget-spacer\" data-id=\"d51f037\" data-element_type=\"widget\" data-widget_type=\"spacer.default\">\n\t\t\t\t<div class=\"elementor-widget-container\">\n\t\t\t\t\t<div class=\"elementor-spacer\">\n\t\t\t<div class=\"elementor-spacer-inner\"><\/div>\n\t\t<\/div>\n\t\t\t\t<\/div>\n\t\t\t\t<\/div>\n\t\t\t\t<div class=\"elementor-element elementor-element-e10ff4c elementor-widget elementor-widget-heading\" data-id=\"e10ff4c\" data-element_type=\"widget\" data-widget_type=\"heading.default\">\n\t\t\t\t<div class=\"elementor-widget-container\">\n\t\t\t<h2 class=\"elementor-heading-title elementor-size-default\">Promesa de Valor<\/h2>\t\t<\/div>\n\t\t\t\t<\/div>\n\t\t\t\t<div class=\"elementor-element elementor-element-2bbfc28 elementor-widget elementor-widget-text-editor\" data-id=\"2bbfc28\" data-element_type=\"widget\" data-widget_type=\"text-editor.default\">\n\t\t\t\t<div class=\"elementor-widget-container\">\n\t\t\t\t\t\t\t\t<div class=\"elementor-text-editor elementor-clearfix\">\n\t\t\t\t<p class=\"p1\">Acolvise construye una nueva visi\u00f3n de la industria de las empresas que transforman y comercializan el vidrio de seguridad, los insumos para el cerramiento vidriado y los fabricantes de ventaneria en Colombia, convirti\u00e9ndose en la voz del sector al centrar su gesti\u00f3n en el desarrollo de una industria humana, responsable y amigable con el medio ambiente.<\/p><p class=\"p1\">Este objetivo se alcanzar\u00e1 a trav\u00e9s de una estrategia de negocio competitiva que se resume en tres ambiciosas l\u00edneas: la normalizaci\u00f3n del sector, la generaci\u00f3n del conocimiento y la conectividad en\u00a0la industria del cerramiento vidriado.<\/p>\t\t\t\t\t<\/div>\n\t\t\t\t\t\t<\/div>\n\t\t\t\t<\/div>\n\t\t\t\t\t\t<\/div>\n\t\t\t\t\t<\/div>\n\t\t<\/div>\n\t\t\t\t\t\t\t\t<\/div>\n\t\t\t\t\t<\/div>\n\t\t<\/section>\n\t\t\t\t<section data-particle_enable=\"false\" data-particle-mobile-disabled=\"false\" class=\"elementor-section elementor-top-section elementor-element elementor-element-f996624 elementor-section-stretched elementor-section-height-min-height elementor-section-boxed elementor-section-height-default elementor-section-items-middle\" data-id=\"f996624\" data-element_type=\"section\" data-settings=\"{&quot;stretch_section&quot;:&quot;section-stretched&quot;,&quot;background_background&quot;:&quot;classic&quot;}\">\n\t\t\t\t\t\t<div class=\"elementor-container elementor-column-gap-wide\">\n\t\t\t\t\t\t\t<div class=\"elementor-row\">\n\t\t\t\t\t<div class=\"elementor-column elementor-col-33 elementor-top-column elementor-element elementor-element-3b42e29\" data-id=\"3b42e29\" data-element_type=\"column\">\n\t\t\t<div class=\"elementor-column-wrap elementor-element-populated\">\n\t\t\t\t\t\t\t<div class=\"elementor-widget-wrap\">\n\t\t\t\t\t\t<div class=\"elementor-element elementor-element-ba841fc elementor-position-top elementor-vertical-align-top elementor-widget elementor-widget-image-box\" data-id=\"ba841fc\" data-element_type=\"widget\" data-widget_type=\"image-box.default\">\n\t\t\t\t<div class=\"elementor-widget-container\">\n\t\t\t<div class=\"elementor-image-box-wrapper\"><figure class=\"elementor-image-box-img\"><a href=\"http:\/\/acolvise.org\/inicio\/mision-y-vision\/\"><img width=\"401\" height=\"267\" src=\"http:\/\/acolvise.org\/wp-content\/uploads\/2017\/11\/image002.png\" class=\"attachment-full size-full\" alt=\"\" loading=\"lazy\" \/><\/a><\/figure><div class=\"elementor-image-box-content\"><h3 class=\"elementor-image-box-title\"><a href=\"http:\/\/acolvise.org\/inicio\/mision-y-vision\/\">Misi\u00f3n y Visi\u00f3n<\/a><\/h3><p class=\"elementor-image-box-description\">En el 2025 seremos la asociaci\u00f3n referente, l\u00edder t\u00e9cnico e influyente en el mercado<\/p><\/div><\/div>\t\t<\/div>\n\t\t\t\t<\/div>\n\t\t\t\t\t\t<\/div>\n\t\t\t\t\t<\/div>\n\t\t<\/div>\n\t\t\t\t<div class=\"elementor-column elementor-col-33 elementor-top-column elementor-element elementor-element-d364187\" data-id=\"d364187\" data-element_type=\"column\">\n\t\t\t<div class=\"elementor-column-wrap elementor-element-populated\">\n\t\t\t\t\t\t\t<div class=\"elementor-widget-wrap\">\n\t\t\t\t\t\t<div class=\"elementor-element elementor-element-6d9ee32 elementor-position-top elementor-vertical-align-top elementor-widget elementor-widget-image-box\" data-id=\"6d9ee32\" data-element_type=\"widget\" data-widget_type=\"image-box.default\">\n\t\t\t\t<div class=\"elementor-widget-container\">\n\t\t\t<div class=\"elementor-image-box-wrapper\"><figure class=\"elementor-image-box-img\"><a href=\"http:\/\/acolvise.org\/inicio\/historia\/\"><img width=\"352\" height=\"237\" src=\"http:\/\/acolvise.org\/wp-content\/uploads\/2018\/01\/N-EN18-1b-1.jpg\" class=\"attachment-full size-full\" alt=\"\" loading=\"lazy\" \/><\/a><\/figure><div class=\"elementor-image-box-content\"><h3 class=\"elementor-image-box-title\"><a href=\"http:\/\/acolvise.org\/inicio\/historia\/\">Historia<\/a><\/h3><p class=\"elementor-image-box-description\">Desde el 2004  hemos trabajado  en la construcci\u00f3n de un  marco normativo<\/p><\/div><\/div>\t\t<\/div>\n\t\t\t\t<\/div>\n\t\t\t\t\t\t<\/div>\n\t\t\t\t\t<\/div>\n\t\t<\/div>\n\t\t\t\t<div class=\"elementor-column elementor-col-33 elementor-top-column elementor-element elementor-element-aace022\" data-id=\"aace022\" data-element_type=\"column\">\n\t\t\t<div class=\"elementor-column-wrap elementor-element-populated\">\n\t\t\t\t\t\t\t<div class=\"elementor-widget-wrap\">\n\t\t\t\t\t\t<div class=\"elementor-element elementor-element-86a7711 elementor-position-top elementor-vertical-align-top elementor-widget elementor-widget-image-box\" data-id=\"86a7711\" data-element_type=\"widget\" data-widget_type=\"image-box.default\">\n\t\t\t\t<div class=\"elementor-widget-container\">\n\t\t\t<div class=\"elementor-image-box-wrapper\"><figure class=\"elementor-image-box-img\"><a href=\"http:\/\/acolvise.org\/inicio\/asamblea\/\"><img width=\"600\" height=\"401\" src=\"http:\/\/acolvise.org\/wp-content\/uploads\/2017\/11\/image004.jpg\" class=\"attachment-full size-full\" alt=\"\" loading=\"lazy\" \/><\/a><\/figure><div class=\"elementor-image-box-content\"><h3 class=\"elementor-image-box-title\"><a href=\"http:\/\/acolvise.org\/inicio\/asamblea\/\">Organizaci\u00f3n<\/a><\/h3><p class=\"elementor-image-box-description\">Conoce nuestro equipo de trabajo y comit\u00e9s que componen Acolvise<\/p><\/div><\/div>\t\t<\/div>\n\t\t\t\t<\/div>\n\t\t\t\t\t\t<\/div>\n\t\t\t\t\t<\/div>\n\t\t<\/div>\n\t\t\t\t\t\t\t\t<\/div>\n\t\t\t\t\t<\/div>\n\t\t<\/section>\n\t\t\t\t<section data-particle_enable=\"false\" data-particle-mobile-disabled=\"false\" class=\"elementor-section elementor-top-section elementor-element elementor-element-a2ee162 elementor-section-boxed elementor-section-height-default elementor-section-height-default\" data-id=\"a2ee162\" data-element_type=\"section\">\n\t\t\t\t\t\t<div class=\"elementor-container elementor-column-gap-default\">\n\t\t\t\t\t\t\t<div class=\"elementor-row\">\n\t\t\t\t\t<div class=\"elementor-column elementor-col-100 elementor-top-column elementor-element elementor-element-8596b30\" data-id=\"8596b30\" data-element_type=\"column\">\n\t\t\t<div class=\"elementor-column-wrap elementor-element-populated\">\n\t\t\t\t\t\t\t<div class=\"elementor-widget-wrap\">\n\t\t\t\t\t\t<div class=\"elementor-element elementor-element-fb9ad2a elementor-widget elementor-widget-spacer\" data-id=\"fb9ad2a\" data-element_type=\"widget\" data-widget_type=\"spacer.default\">\n\t\t\t\t<div class=\"elementor-widget-container\">\n\t\t\t\t\t<div class=\"elementor-spacer\">\n\t\t\t<div class=\"elementor-spacer-inner\"><\/div>\n\t\t<\/div>\n\t\t\t\t<\/div>\n\t\t\t\t<\/div>\n\t\t\t\t<div class=\"elementor-element elementor-element-f642b7d elementor-widget elementor-widget-heading\" data-id=\"f642b7d\" data-element_type=\"widget\" data-widget_type=\"heading.default\">\n\t\t\t\t<div class=\"elementor-widget-container\">\n\t\t\t<h2 class=\"elementor-heading-title elementor-size-default\">Nuestras Gestiones<\/h2>\t\t<\/div>\n\t\t\t\t<\/div>\n\t\t\t\t<div class=\"elementor-element elementor-element-41a5561 elementor-icon-list--layout-traditional elementor-list-item-link-full_width elementor-widget elementor-widget-icon-list\" data-id=\"41a5561\" data-element_type=\"widget\" data-widget_type=\"icon-list.default\">\n\t\t\t\t<div class=\"elementor-widget-container\">\n\t\t\t\t\t<ul class=\"elementor-icon-list-items\">\n\t\t\t\t\t\t\t<li class=\"elementor-icon-list-item\">\n\t\t\t\t\t\t\t\t\t\t\t<span class=\"elementor-icon-list-icon\">\n\t\t\t\t\t\t\t\t\t\t\t\t\t\t\t\t<i class=\"fa fa-check\" aria-hidden=\"true\"><\/i>\n\t\t\t\t\t\t\t\t\t\t\t\t\t<\/span>\n\t\t\t\t\t\t\t\t\t\t<span class=\"elementor-icon-list-text\">Gesti\u00f3n de Normalizaci\u00f3n: Liderar, divulgar y promover el cumplimiento de la normatividad<\/span>\n\t\t\t\t\t\t\t\t\t<\/li>\n\t\t\t\t\t\t\t\t<li class=\"elementor-icon-list-item\">\n\t\t\t\t\t\t\t\t\t\t\t<span class=\"elementor-icon-list-icon\">\n\t\t\t\t\t\t\t\t\t\t\t\t\t\t\t\t<i class=\"fa fa-check\" aria-hidden=\"true\"><\/i>\n\t\t\t\t\t\t\t\t\t\t\t\t\t<\/span>\n\t\t\t\t\t\t\t\t\t\t<span class=\"elementor-icon-list-text\">Gesti\u00f3n del Conocimiento: Actualizar, capacitar y construir programas de actualizaci\u00f3n y profesionalizaci\u00f3n<\/span>\n\t\t\t\t\t\t\t\t\t<\/li>\n\t\t\t\t\t\t\t\t<li class=\"elementor-icon-list-item\">\n\t\t\t\t\t\t\t\t\t\t\t<span class=\"elementor-icon-list-icon\">\n\t\t\t\t\t\t\t\t\t\t\t\t\t\t\t\t<i class=\"fa fa-check\" aria-hidden=\"true\"><\/i>\n\t\t\t\t\t\t\t\t\t\t\t\t\t<\/span>\n\t\t\t\t\t\t\t\t\t\t<span class=\"elementor-icon-list-text\">Gesti\u00f3n de Conectividad: Ser la voz, Integrar y promocionar nuestros proyectos y avances<\/span>\n\t\t\t\t\t\t\t\t\t<\/li>\n\t\t\t\t\t\t<\/ul>\n\t\t\t\t<\/div>\n\t\t\t\t<\/div>\n\t\t\t\t\t\t<\/div>\n\t\t\t\t\t<\/div>\n\t\t<\/div>\n\t\t\t\t\t\t\t\t<\/div>\n\t\t\t\t\t<\/div>\n\t\t<\/section>\n\t\t\t\t\t\t\t\t\t<\/div>\n\t\t\t<\/div>\n\t\t\t\t\t<\/div>\n\t\t","protected":false},"excerpt":{"rendered":"<p>Promesa de Valor Acolvise construye una nueva visi\u00f3n de la industria de las empresas que transforman y comercializan el vidrio de seguridad, los insumos para el cerramiento vidriado y los fabricantes de ventaneria en Colombia, convirti\u00e9ndose en la voz del sector al centrar su gesti\u00f3n en el desarrollo de una industria humana, responsable y amigable &#8230; <a title=\"Nosotros\" class=\"read-more\" href=\"http:\/\/acolvise.org\/inicio\/nosotros\/\">Read more&#8230;<\/a><\/p>\n","protected":false},"author":1383,"featured_media":0,"parent":0,"menu_order":0,"comment_status":"closed","ping_status":"closed","template":"","meta":{"_mi_skip_tracking":false},"yoast_head":"<!-- This site is optimized with the Yoast SEO plugin v18.9 - https:\/\/yoast.com\/wordpress\/plugins\/seo\/ -->\n<title>Nosotros - Acolvise<\/title>\n<meta name=\"robots\" content=\"index, follow, max-snippet:-1, max-image-preview:large, max-video-preview:-1\" \/>\n<link rel=\"canonical\" href=\"http:\/\/acolvise.org\/inicio\/nosotros\/\" \/>\n<meta property=\"og:locale\" content=\"es_ES\" \/>\n<meta property=\"og:type\" content=\"article\" \/>\n<meta property=\"og:title\" content=\"Nosotros - Acolvise\" \/>\n<meta property=\"og:description\" content=\"Promesa de Valor Acolvise construye una nueva visi\u00f3n de la industria de las empresas que transforman y comercializan el vidrio de seguridad, los insumos para el cerramiento vidriado y los fabricantes de ventaneria en Colombia, convirti\u00e9ndose en la voz del sector al centrar su gesti\u00f3n en el desarrollo de una industria humana, responsable y amigable ... Read more...\" \/>\n<meta property=\"og:url\" content=\"http:\/\/acolvise.org\/inicio\/nosotros\/\" \/>\n<meta property=\"og:site_name\" content=\"Acolvise\" \/>\n<meta property=\"article:modified_time\" content=\"2018-04-30T15:53:05+00:00\" \/>\n<meta property=\"og:image\" content=\"http:\/\/acolvise.org\/wp-content\/uploads\/2018\/03\/ACOLVISE-LOGO-BLANCO-HORIZONTAL-1024x372.png\" \/>\n<meta name=\"twitter:card\" content=\"summary_large_image\" \/>\n<meta name=\"twitter:label1\" content=\"Tiempo de lectura\" \/>\n\t<meta name=\"twitter:data1\" content=\"1 minuto\" \/>\n<script type=\"application\/ld+json\" class=\"yoast-schema-graph\">{\"@context\":\"https:\/\/schema.org\",\"@graph\":[{\"@type\":\"WebSite\",\"@id\":\"http:\/\/acolvise.org\/inicio\/#website\",\"url\":\"http:\/\/acolvise.org\/inicio\/\",\"name\":\"Acolvise\",\"description\":\"\",\"potentialAction\":[{\"@type\":\"SearchAction\",\"target\":{\"@type\":\"EntryPoint\",\"urlTemplate\":\"http:\/\/acolvise.org\/inicio\/?s={search_term_string}\"},\"query-input\":\"required name=search_term_string\"}],\"inLanguage\":\"es\"},{\"@type\":\"ImageObject\",\"inLanguage\":\"es\",\"@id\":\"http:\/\/acolvise.org\/inicio\/nosotros\/#primaryimage\",\"url\":\"http:\/\/acolvise.org\/wp-content\/uploads\/2018\/03\/ACOLVISE-LOGO-BLANCO-HORIZONTAL.png\",\"contentUrl\":\"http:\/\/acolvise.org\/wp-content\/uploads\/2018\/03\/ACOLVISE-LOGO-BLANCO-HORIZONTAL.png\",\"width\":3320,\"height\":1207},{\"@type\":\"WebPage\",\"@id\":\"http:\/\/acolvise.org\/inicio\/nosotros\/#webpage\",\"url\":\"http:\/\/acolvise.org\/inicio\/nosotros\/\",\"name\":\"Nosotros - Acolvise\",\"isPartOf\":{\"@id\":\"http:\/\/acolvise.org\/inicio\/#website\"},\"primaryImageOfPage\":{\"@id\":\"http:\/\/acolvise.org\/inicio\/nosotros\/#primaryimage\"},\"datePublished\":\"2018-03-13T18:22:23+00:00\",\"dateModified\":\"2018-04-30T15:53:05+00:00\",\"breadcrumb\":{\"@id\":\"http:\/\/acolvise.org\/inicio\/nosotros\/#breadcrumb\"},\"inLanguage\":\"es\",\"potentialAction\":[{\"@type\":\"ReadAction\",\"target\":[\"http:\/\/acolvise.org\/inicio\/nosotros\/\"]}]},{\"@type\":\"BreadcrumbList\",\"@id\":\"http:\/\/acolvise.org\/inicio\/nosotros\/#breadcrumb\",\"itemListElement\":[{\"@type\":\"ListItem\",\"position\":1,\"name\":\"Portada\",\"item\":\"http:\/\/acolvise.org\/inicio\/\"},{\"@type\":\"ListItem\",\"position\":2,\"name\":\"Nosotros\"}]}]}<\/script>\n<!-- \/ Yoast SEO plugin. -->","yoast_head_json":{"title":"Nosotros - Acolvise","robots":{"index":"index","follow":"follow","max-snippet":"max-snippet:-1","max-image-preview":"max-image-preview:large","max-video-preview":"max-video-preview:-1"},"canonical":"http:\/\/acolvise.org\/inicio\/nosotros\/","og_locale":"es_ES","og_type":"article","og_title":"Nosotros - Acolvise","og_description":"Promesa de Valor Acolvise construye una nueva visi\u00f3n de la industria de las empresas que transforman y comercializan el vidrio de seguridad, los insumos para el cerramiento vidriado y los fabricantes de ventaneria en Colombia, convirti\u00e9ndose en la voz del sector al centrar su gesti\u00f3n en el desarrollo de una industria humana, responsable y amigable ... Read more...","og_url":"http:\/\/acolvise.org\/inicio\/nosotros\/","og_site_name":"Acolvise","article_modified_time":"2018-04-30T15:53:05+00:00","og_image":[{"url":"http:\/\/acolvise.org\/wp-content\/uploads\/2018\/03\/ACOLVISE-LOGO-BLANCO-HORIZONTAL-1024x372.png"}],"twitter_card":"summary_large_image","twitter_misc":{"Tiempo de lectura":"1 minuto"},"schema":{"@context":"https:\/\/schema.org","@graph":[{"@type":"WebSite","@id":"http:\/\/acolvise.org\/inicio\/#website","url":"http:\/\/acolvise.org\/inicio\/","name":"Acolvise","description":"","potentialAction":[{"@type":"SearchAction","target":{"@type":"EntryPoint","urlTemplate":"http:\/\/acolvise.org\/inicio\/?s={search_term_string}"},"query-input":"required name=search_term_string"}],"inLanguage":"es"},{"@type":"ImageObject","inLanguage":"es","@id":"http:\/\/acolvise.org\/inicio\/nosotros\/#primaryimage","url":"http:\/\/acolvise.org\/wp-content\/uploads\/2018\/03\/ACOLVISE-LOGO-BLANCO-HORIZONTAL.png","contentUrl":"http:\/\/acolvise.org\/wp-content\/uploads\/2018\/03\/ACOLVISE-LOGO-BLANCO-HORIZONTAL.png","width":3320,"height":1207},{"@type":"WebPage","@id":"http:\/\/acolvise.org\/inicio\/nosotros\/#webpage","url":"http:\/\/acolvise.org\/inicio\/nosotros\/","name":"Nosotros - Acolvise","isPartOf":{"@id":"http:\/\/acolvise.org\/inicio\/#website"},"primaryImageOfPage":{"@id":"http:\/\/acolvise.org\/inicio\/nosotros\/#primaryimage"},"datePublished":"2018-03-13T18:22:23+00:00","dateModified":"2018-04-30T15:53:05+00:00","breadcrumb":{"@id":"http:\/\/acolvise.org\/inicio\/nosotros\/#breadcrumb"},"inLanguage":"es","potentialAction":[{"@type":"ReadAction","target":["http:\/\/acolvise.org\/inicio\/nosotros\/"]}]},{"@type":"BreadcrumbList","@id":"http:\/\/acolvise.org\/inicio\/nosotros\/#breadcrumb","itemListElement":[{"@type":"ListItem","position":1,"name":"Portada","item":"http:\/\/acolvise.org\/inicio\/"},{"@type":"ListItem","position":2,"name":"Nosotros"}]}]}},"_links":{"self":[{"href":"http:\/\/acolvise.org\/inicio\/wp-json\/wp\/v2\/pages\/1407"}],"collection":[{"href":"http:\/\/acolvise.org\/inicio\/wp-json\/wp\/v2\/pages"}],"about":[{"href":"http:\/\/acolvise.org\/inicio\/wp-json\/wp\/v2\/types\/page"}],"author":[{"embeddable":true,"href":"http:\/\/acolvise.org\/inicio\/wp-json\/wp\/v2\/users\/1383"}],"replies":[{"embeddable":true,"href":"http:\/\/acolvise.org\/inicio\/wp-json\/wp\/v2\/comments?post=1407"}],"version-history":[{"count":15,"href":"http:\/\/acolvise.org\/inicio\/wp-json\/wp\/v2\/pages\/1407\/revisions"}],"predecessor-version":[{"id":1727,"href":"http:\/\/acolvise.org\/inicio\/wp-json\/wp\/v2\/pages\/1407\/revisions\/1727"}],"wp:attachment":[{"href":"http:\/\/acolvise.org\/inicio\/wp-json\/wp\/v2\/media?parent=1407"}],"curies":[{"name":"wp","href":"https:\/\/api.w.org\/{rel}","templated":true}]}}