{"id":1456,"date":"2018-03-13T23:45:47","date_gmt":"2018-03-13T23:45:47","guid":{"rendered":"http:\/\/acolvise.org\/inicio\/?page_id=1456"},"modified":"2018-03-20T17:04:11","modified_gmt":"2018-03-20T17:04:11","slug":"gestion","status":"publish","type":"page","link":"http:\/\/acolvise.org\/inicio\/gestion\/","title":{"rendered":"Gesti\u00f3n"},"content":{"rendered":"\t\t<div data-elementor-type=\"wp-page\" data-elementor-id=\"1456\" class=\"elementor elementor-1456 elementor-bc-flex-widget\">\n\t\t\t\t\t\t<div class=\"elementor-inner\">\n\t\t\t\t<div class=\"elementor-section-wrap\">\n\t\t\t\t\t\t\t\t\t<section data-particle_enable=\"false\" data-particle-mobile-disabled=\"false\" class=\"elementor-section elementor-top-section elementor-element elementor-element-1a331f6 elementor-section-stretched elementor-section-height-min-height elementor-section-full_width elementor-section-height-default elementor-section-items-middle\" data-id=\"1a331f6\" data-element_type=\"section\" data-settings=\"{&quot;stretch_section&quot;:&quot;section-stretched&quot;,&quot;background_background&quot;:&quot;classic&quot;}\">\n\t\t\t\t\t\t<div class=\"elementor-container elementor-column-gap-default\">\n\t\t\t\t\t\t\t<div class=\"elementor-row\">\n\t\t\t\t\t<div class=\"elementor-column elementor-col-33 elementor-top-column elementor-element elementor-element-aa81023\" data-id=\"aa81023\" data-element_type=\"column\">\n\t\t\t<div class=\"elementor-column-wrap\">\n\t\t\t\t\t\t\t<div class=\"elementor-widget-wrap\">\n\t\t\t\t\t\t\t\t<\/div>\n\t\t\t\t\t<\/div>\n\t\t<\/div>\n\t\t\t\t<div class=\"elementor-column elementor-col-33 elementor-top-column elementor-element elementor-element-5783392\" data-id=\"5783392\" data-element_type=\"column\" data-settings=\"{&quot;background_background&quot;:&quot;classic&quot;}\">\n\t\t\t<div class=\"elementor-column-wrap elementor-element-populated\">\n\t\t\t\t\t\t\t<div class=\"elementor-widget-wrap\">\n\t\t\t\t\t\t<div class=\"elementor-element elementor-element-0310aef elementor-widget elementor-widget-image\" data-id=\"0310aef\" data-element_type=\"widget\" data-widget_type=\"image.default\">\n\t\t\t\t<div class=\"elementor-widget-container\">\n\t\t\t\t\t\t\t\t<div class=\"elementor-image\">\n\t\t\t\t\t\t\t\t\t\t\t\t<img width=\"1024\" height=\"372\" src=\"http:\/\/acolvise.org\/wp-content\/uploads\/2018\/03\/ACOLVISE-LOGO-BLANCO-HORIZONTAL-1024x372.png\" class=\"attachment-large size-large\" alt=\"\" loading=\"lazy\" srcset=\"http:\/\/acolvise.org\/wp-content\/uploads\/2018\/03\/ACOLVISE-LOGO-BLANCO-HORIZONTAL-1024x372.png 1024w, http:\/\/acolvise.org\/wp-content\/uploads\/2018\/03\/ACOLVISE-LOGO-BLANCO-HORIZONTAL-300x109.png 300w, http:\/\/acolvise.org\/wp-content\/uploads\/2018\/03\/ACOLVISE-LOGO-BLANCO-HORIZONTAL-768x279.png 768w\" sizes=\"(max-width: 1024px) 100vw, 1024px\" \/>\t\t\t\t\t\t\t\t\t\t\t\t\t\t<\/div>\n\t\t\t\t\t\t<\/div>\n\t\t\t\t<\/div>\n\t\t\t\t\t\t<\/div>\n\t\t\t\t\t<\/div>\n\t\t<\/div>\n\t\t\t\t<div class=\"elementor-column elementor-col-33 elementor-top-column elementor-element elementor-element-dfddba9\" data-id=\"dfddba9\" data-element_type=\"column\">\n\t\t\t<div class=\"elementor-column-wrap\">\n\t\t\t\t\t\t\t<div class=\"elementor-widget-wrap\">\n\t\t\t\t\t\t\t\t<\/div>\n\t\t\t\t\t<\/div>\n\t\t<\/div>\n\t\t\t\t\t\t\t\t<\/div>\n\t\t\t\t\t<\/div>\n\t\t<\/section>\n\t\t\t\t<section data-particle_enable=\"false\" data-particle-mobile-disabled=\"false\" class=\"elementor-section elementor-top-section elementor-element elementor-element-f0a190a elementor-section-boxed elementor-section-height-default elementor-section-height-default\" data-id=\"f0a190a\" data-element_type=\"section\">\n\t\t\t\t\t\t<div class=\"elementor-container elementor-column-gap-default\">\n\t\t\t\t\t\t\t<div class=\"elementor-row\">\n\t\t\t\t\t<div class=\"elementor-column elementor-col-100 elementor-top-column elementor-element elementor-element-49128c6\" data-id=\"49128c6\" data-element_type=\"column\">\n\t\t\t<div class=\"elementor-column-wrap elementor-element-populated\">\n\t\t\t\t\t\t\t<div class=\"elementor-widget-wrap\">\n\t\t\t\t\t\t<div class=\"elementor-element elementor-element-17129cc elementor-widget elementor-widget-spacer\" data-id=\"17129cc\" data-element_type=\"widget\" data-widget_type=\"spacer.default\">\n\t\t\t\t<div class=\"elementor-widget-container\">\n\t\t\t\t\t<div class=\"elementor-spacer\">\n\t\t\t<div class=\"elementor-spacer-inner\"><\/div>\n\t\t<\/div>\n\t\t\t\t<\/div>\n\t\t\t\t<\/div>\n\t\t\t\t<div class=\"elementor-element elementor-element-93aa2b3 elementor-widget elementor-widget-heading\" data-id=\"93aa2b3\" data-element_type=\"widget\" data-widget_type=\"heading.default\">\n\t\t\t\t<div class=\"elementor-widget-container\">\n\t\t\t<h2 class=\"elementor-heading-title elementor-size-default\">Gesti\u00f3n Acolvise<\/h2>\t\t<\/div>\n\t\t\t\t<\/div>\n\t\t\t\t<div class=\"elementor-element elementor-element-44b3976 elementor-widget elementor-widget-text-editor\" data-id=\"44b3976\" data-element_type=\"widget\" data-widget_type=\"text-editor.default\">\n\t\t\t\t<div class=\"elementor-widget-container\">\n\t\t\t\t\t\t\t\t<div class=\"elementor-text-editor elementor-clearfix\">\n\t\t\t\t<p class=\"p1\">Acolvise es la voz de las empresas que transforman y comercializan el vidrio de seguridad, los insumos para el cerramiento vidriado y los fabricantes de ventaner\u00eda en Colombia. M\u00e1s de 13 a\u00f1os de aprendizaje y experiencia, una nueva estrategia corporativa y la constante labor para construir una<span class=\"s1\">\u00a0sana competencia de mercado reflejan el Acolvise de hoy:\u00a0<\/span>una empresa s\u00f3lida y confiable, que centrar\u00e1 su gesti\u00f3n en el desarrollo de una industria humana, responsable y amigable con el medio ambiente.<\/p><p>Acolvise aporta una nueva visi\u00f3n de la industria a trav\u00e9s de su estrategia competitiva que se resume en tres ambiciosas l\u00edneas: la normalizaci\u00f3n del sector, la generaci\u00f3n del conocimiento y la conectividad de las empresas de la industria del cerramiento vidriado.<\/p>\t\t\t\t\t<\/div>\n\t\t\t\t\t\t<\/div>\n\t\t\t\t<\/div>\n\t\t\t\t<div class=\"elementor-element elementor-element-de08dcf elementor-widget elementor-widget-spacer\" data-id=\"de08dcf\" data-element_type=\"widget\" data-widget_type=\"spacer.default\">\n\t\t\t\t<div class=\"elementor-widget-container\">\n\t\t\t\t\t<div class=\"elementor-spacer\">\n\t\t\t<div class=\"elementor-spacer-inner\"><\/div>\n\t\t<\/div>\n\t\t\t\t<\/div>\n\t\t\t\t<\/div>\n\t\t\t\t<div class=\"elementor-element elementor-element-e99ff48 elementor-widget elementor-widget-heading\" data-id=\"e99ff48\" data-element_type=\"widget\" data-widget_type=\"heading.default\">\n\t\t\t\t<div class=\"elementor-widget-container\">\n\t\t\t<h2 class=\"elementor-heading-title elementor-size-default\">Nuestras Gestiones<\/h2>\t\t<\/div>\n\t\t\t\t<\/div>\n\t\t\t\t<div class=\"elementor-element elementor-element-c3c26df elementor-widget elementor-widget-toggle\" data-id=\"c3c26df\" data-element_type=\"widget\" data-widget_type=\"toggle.default\">\n\t\t\t\t<div class=\"elementor-widget-container\">\n\t\t\t\t\t<div class=\"elementor-toggle\" role=\"tablist\">\n\t\t\t\t\t\t\t<div class=\"elementor-toggle-item\">\n\t\t\t\t\t<div id=\"elementor-tab-title-2051\" class=\"elementor-tab-title\" data-tab=\"1\" role=\"tab\" aria-controls=\"elementor-tab-content-2051\" aria-expanded=\"false\">\n\t\t\t\t\t\t\t\t\t\t\t\t<span class=\"elementor-toggle-icon elementor-toggle-icon-left\" aria-hidden=\"true\">\n\t\t\t\t\t\t\t\t\t\t\t\t\t\t\t<span class=\"elementor-toggle-icon-closed\"><i class=\"fas fa-caret-right\"><\/i><\/span>\n\t\t\t\t\t\t\t\t<span class=\"elementor-toggle-icon-opened\"><i class=\"elementor-toggle-icon-opened fas fa-caret-up\"><\/i><\/span>\n\t\t\t\t\t\t\t\t\t\t\t\t\t<\/span>\n\t\t\t\t\t\t\t\t\t\t\t\t<a href=\"\" class=\"elementor-toggle-title\">Gesti\u00f3n de Normalizaci\u00f3n<\/a>\n\t\t\t\t\t<\/div>\n\n\t\t\t\t\t<div id=\"elementor-tab-content-2051\" class=\"elementor-tab-content elementor-clearfix\" data-tab=\"1\" role=\"tabpanel\" aria-labelledby=\"elementor-tab-title-2051\"><ul><li>Liderar y divulgar las nuevas normas del sector.<\/li><li class=\"li1\">Promover el cumplimiento de las normativas vigentes.<\/li><li class=\"li1\">Profesionalizaci\u00f3n de la mano de obra.<\/li><\/ul><div class=\"elementor-element elementor-element-tb4owkd elementor-widget elementor-widget-text-editor\" data-id=\"tb4owkd\" data-element_type=\"text-editor.default\"><div class=\"elementor-widget-container\"><div class=\"elementor-text-editor elementor-clearfix\"><p class=\"p1\">Estas gestiones se encuentran en ejecuci\u00f3n a trav\u00e9s de las siguientes actividades:<\/p><\/div><\/div><\/div><div class=\"elementor-element elementor-element-dxzsiub elementor-widget elementor-widget-text-editor\" data-id=\"dxzsiub\" data-element_type=\"text-editor.default\"><div class=\"elementor-widget-container\"><div class=\"elementor-text-editor elementor-clearfix\"><ul><li>La construcci\u00f3n de un canal de relacionamiento con ministerios de vivienda y de comercio.<\/li><li>La generaci\u00f3n de opini\u00f3n p\u00fablica, informando a los medios de comunicaci\u00f3n sobre los avances de los temas relevantes para el sector.<\/li><li>El fomento, actualizaci\u00f3n y divulgaci\u00f3n de las nuevas normas que la industria requiere.<\/li><li>La gesti\u00f3n del conocimiento necesario para la construcci\u00f3n de l\u00edderes t\u00e9cnicos y expertos en el tema de cerramientos sostenibles.<\/li><li>Construir redes que integren y relacionen de manera efectiva los productos, las buenas pr\u00e1cticas y los negocios del sector<\/li><\/ul><\/div><\/div><\/div><\/div>\n\t\t\t\t<\/div>\n\t\t\t\t\t\t\t<div class=\"elementor-toggle-item\">\n\t\t\t\t\t<div id=\"elementor-tab-title-2052\" class=\"elementor-tab-title\" data-tab=\"2\" role=\"tab\" aria-controls=\"elementor-tab-content-2052\" aria-expanded=\"false\">\n\t\t\t\t\t\t\t\t\t\t\t\t<span class=\"elementor-toggle-icon elementor-toggle-icon-left\" aria-hidden=\"true\">\n\t\t\t\t\t\t\t\t\t\t\t\t\t\t\t<span class=\"elementor-toggle-icon-closed\"><i class=\"fas fa-caret-right\"><\/i><\/span>\n\t\t\t\t\t\t\t\t<span class=\"elementor-toggle-icon-opened\"><i class=\"elementor-toggle-icon-opened fas fa-caret-up\"><\/i><\/span>\n\t\t\t\t\t\t\t\t\t\t\t\t\t<\/span>\n\t\t\t\t\t\t\t\t\t\t\t\t<a href=\"\" class=\"elementor-toggle-title\">Gesti\u00f3n del Conocimiento<\/a>\n\t\t\t\t\t<\/div>\n\n\t\t\t\t\t<div id=\"elementor-tab-content-2052\" class=\"elementor-tab-content elementor-clearfix\" data-tab=\"2\" role=\"tabpanel\" aria-labelledby=\"elementor-tab-title-2052\"><ul><li>Actualizaci\u00f3n y capacitaci\u00f3n.<\/li><li class=\"li1\">Intercambio de conocimiento con pares internacionales.<\/li><li class=\"li1\">Construcci\u00f3n de programas para postgrados y diplomados.<\/li><li class=\"li1\">Banco de informaci\u00f3n sobre normatividad del sector.<\/li><li class=\"li1\">Actividades RSE.<\/li><li class=\"li1\">Buenas pr\u00e1cticas.<\/li><\/ul><\/div>\n\t\t\t\t<\/div>\n\t\t\t\t\t\t\t<div class=\"elementor-toggle-item\">\n\t\t\t\t\t<div id=\"elementor-tab-title-2053\" class=\"elementor-tab-title\" data-tab=\"3\" role=\"tab\" aria-controls=\"elementor-tab-content-2053\" aria-expanded=\"false\">\n\t\t\t\t\t\t\t\t\t\t\t\t<span class=\"elementor-toggle-icon elementor-toggle-icon-left\" aria-hidden=\"true\">\n\t\t\t\t\t\t\t\t\t\t\t\t\t\t\t<span class=\"elementor-toggle-icon-closed\"><i class=\"fas fa-caret-right\"><\/i><\/span>\n\t\t\t\t\t\t\t\t<span class=\"elementor-toggle-icon-opened\"><i class=\"elementor-toggle-icon-opened fas fa-caret-up\"><\/i><\/span>\n\t\t\t\t\t\t\t\t\t\t\t\t\t<\/span>\n\t\t\t\t\t\t\t\t\t\t\t\t<a href=\"\" class=\"elementor-toggle-title\">Gesti\u00f3n de Conectividad<\/a>\n\t\t\t\t\t<\/div>\n\n\t\t\t\t\t<div id=\"elementor-tab-content-2053\" class=\"elementor-tab-content elementor-clearfix\" data-tab=\"3\" role=\"tabpanel\" aria-labelledby=\"elementor-tab-title-2053\"><ul><li class=\"li1\">Generaci\u00f3n de opini\u00f3n p\u00fablica.<\/li><li class=\"li1\">Realizaci\u00f3n y participaci\u00f3n de eventos de la industria.<\/li><li class=\"li1\">Integraci\u00f3n de aliados estrat\u00e9gicos.<\/li><li class=\"li1\">Promoci\u00f3n conjunta de obras y avances.<\/li><li class=\"li1\">Directorio integrado de asociados.<\/li><\/ul><\/div>\n\t\t\t\t<\/div>\n\t\t\t\t\t\t\t\t<\/div>\n\t\t\t\t<\/div>\n\t\t\t\t<\/div>\n\t\t\t\t<div class=\"elementor-element elementor-element-7ac6b54 elementor-widget elementor-widget-spacer\" data-id=\"7ac6b54\" data-element_type=\"widget\" data-widget_type=\"spacer.default\">\n\t\t\t\t<div class=\"elementor-widget-container\">\n\t\t\t\t\t<div class=\"elementor-spacer\">\n\t\t\t<div class=\"elementor-spacer-inner\"><\/div>\n\t\t<\/div>\n\t\t\t\t<\/div>\n\t\t\t\t<\/div>\n\t\t\t\t\t\t<\/div>\n\t\t\t\t\t<\/div>\n\t\t<\/div>\n\t\t\t\t\t\t\t\t<\/div>\n\t\t\t\t\t<\/div>\n\t\t<\/section>\n\t\t\t\t<section data-particle_enable=\"false\" data-particle-mobile-disabled=\"false\" class=\"elementor-section elementor-top-section elementor-element elementor-element-78aae18 elementor-section-boxed elementor-section-height-default elementor-section-height-default\" data-id=\"78aae18\" data-element_type=\"section\">\n\t\t\t\t\t\t<div class=\"elementor-container elementor-column-gap-default\">\n\t\t\t\t\t\t\t<div class=\"elementor-row\">\n\t\t\t\t\t<div class=\"elementor-column elementor-col-33 elementor-top-column elementor-element elementor-element-b9e8c6d\" data-id=\"b9e8c6d\" data-element_type=\"column\">\n\t\t\t<div class=\"elementor-column-wrap elementor-element-populated\">\n\t\t\t\t\t\t\t<div class=\"elementor-widget-wrap\">\n\t\t\t\t\t\t<div class=\"elementor-element elementor-element-6e7608a elementor-position-top elementor-vertical-align-top elementor-widget elementor-widget-image-box\" data-id=\"6e7608a\" data-element_type=\"widget\" data-widget_type=\"image-box.default\">\n\t\t\t\t<div class=\"elementor-widget-container\">\n\t\t\t<div class=\"elementor-image-box-wrapper\"><figure class=\"elementor-image-box-img\"><a href=\"http:\/\/acolvise.org\/inicio\/proyectos-en-desarrollo\/\"><img width=\"3072\" height=\"2048\" src=\"http:\/\/acolvise.org\/wp-content\/uploads\/2018\/03\/shutterstock_375350494.jpg\" class=\"attachment-full size-full\" alt=\"\" loading=\"lazy\" \/><\/a><\/figure><div class=\"elementor-image-box-content\"><h3 class=\"elementor-image-box-title\"><a href=\"http:\/\/acolvise.org\/inicio\/proyectos-en-desarrollo\/\">Proyectos en Desarrollo<\/a><\/h3><p class=\"elementor-image-box-description\">Trabajamos en la normalizaci\u00f3n de sistemas vidriados para ventanas y puertas<\/p><\/div><\/div>\t\t<\/div>\n\t\t\t\t<\/div>\n\t\t\t\t\t\t<\/div>\n\t\t\t\t\t<\/div>\n\t\t<\/div>\n\t\t\t\t<div class=\"elementor-column elementor-col-33 elementor-top-column elementor-element elementor-element-b49b837\" data-id=\"b49b837\" data-element_type=\"column\">\n\t\t\t<div class=\"elementor-column-wrap elementor-element-populated\">\n\t\t\t\t\t\t\t<div class=\"elementor-widget-wrap\">\n\t\t\t\t\t\t<div class=\"elementor-element elementor-element-09608ab elementor-position-top elementor-vertical-align-top elementor-widget elementor-widget-image-box\" data-id=\"09608ab\" data-element_type=\"widget\" data-widget_type=\"image-box.default\">\n\t\t\t\t<div class=\"elementor-widget-container\">\n\t\t\t<div class=\"elementor-image-box-wrapper\"><figure class=\"elementor-image-box-img\"><a href=\"http:\/\/acolvise.org\/inicio\/jornadas-tecnicas\/\"><img width=\"1059\" height=\"704\" src=\"http:\/\/acolvise.org\/wp-content\/uploads\/2018\/03\/jornadas.png\" class=\"attachment-full size-full\" alt=\"\" loading=\"lazy\" \/><\/a><\/figure><div class=\"elementor-image-box-content\"><h3 class=\"elementor-image-box-title\"><a href=\"http:\/\/acolvise.org\/inicio\/jornadas-tecnicas\/\">Jornadas T\u00e9cnicas<\/a><\/h3><p class=\"elementor-image-box-description\">Organizadas en conjunto con nuestros afiliados Acolvise y entidades de aprendizaje<\/p><\/div><\/div>\t\t<\/div>\n\t\t\t\t<\/div>\n\t\t\t\t\t\t<\/div>\n\t\t\t\t\t<\/div>\n\t\t<\/div>\n\t\t\t\t<div class=\"elementor-column elementor-col-33 elementor-top-column elementor-element elementor-element-687b786\" data-id=\"687b786\" data-element_type=\"column\">\n\t\t\t<div class=\"elementor-column-wrap elementor-element-populated\">\n\t\t\t\t\t\t\t<div class=\"elementor-widget-wrap\">\n\t\t\t\t\t\t<div class=\"elementor-element elementor-element-9ee37c1 elementor-position-top elementor-vertical-align-top elementor-widget elementor-widget-image-box\" data-id=\"9ee37c1\" data-element_type=\"widget\" data-widget_type=\"image-box.default\">\n\t\t\t\t<div class=\"elementor-widget-container\">\n\t\t\t<div class=\"elementor-image-box-wrapper\"><figure class=\"elementor-image-box-img\"><a href=\"http:\/\/acolvise.org\/inicio\/capacitaciones\/\"><img width=\"1059\" height=\"704\" src=\"http:\/\/acolvise.org\/wp-content\/uploads\/2018\/03\/capacitaciones.png\" class=\"attachment-full size-full\" alt=\"\" loading=\"lazy\" \/><\/a><\/figure><div class=\"elementor-image-box-content\"><h3 class=\"elementor-image-box-title\"><a href=\"http:\/\/acolvise.org\/inicio\/capacitaciones\/\">Capacitaciones<\/a><\/h3><p class=\"elementor-image-box-description\">Capacitaci\u00f3n in-house corte de vidrio Sena-Acolvise llevada a cabo  julio 2014<\/p><\/div><\/div>\t\t<\/div>\n\t\t\t\t<\/div>\n\t\t\t\t\t\t<\/div>\n\t\t\t\t\t<\/div>\n\t\t<\/div>\n\t\t\t\t\t\t\t\t<\/div>\n\t\t\t\t\t<\/div>\n\t\t<\/section>\n\t\t\t\t\t\t\t\t\t<\/div>\n\t\t\t<\/div>\n\t\t\t\t\t<\/div>\n\t\t","protected":false},"excerpt":{"rendered":"<p>Gesti\u00f3n Acolvise Acolvise es la voz de las empresas que transforman y comercializan el vidrio de seguridad, los insumos para el cerramiento vidriado y los fabricantes de ventaner\u00eda en Colombia. M\u00e1s de 13 a\u00f1os de aprendizaje y experiencia, una nueva estrategia corporativa y la constante labor para construir una\u00a0sana competencia de mercado reflejan el Acolvise &#8230; <a title=\"Gesti\u00f3n\" class=\"read-more\" href=\"http:\/\/acolvise.org\/inicio\/gestion\/\">Read more&#8230;<\/a><\/p>\n","protected":false},"author":1383,"featured_media":0,"parent":0,"menu_order":0,"comment_status":"closed","ping_status":"closed","template":"","meta":{"_mi_skip_tracking":false},"yoast_head":"<!-- This site is optimized with the Yoast SEO plugin v18.9 - https:\/\/yoast.com\/wordpress\/plugins\/seo\/ -->\n<title>Gesti\u00f3n - Acolvise<\/title>\n<meta name=\"robots\" content=\"index, follow, max-snippet:-1, max-image-preview:large, max-video-preview:-1\" \/>\n<link rel=\"canonical\" href=\"http:\/\/acolvise.org\/inicio\/gestion\/\" \/>\n<meta property=\"og:locale\" content=\"es_ES\" \/>\n<meta property=\"og:type\" content=\"article\" \/>\n<meta property=\"og:title\" content=\"Gesti\u00f3n - Acolvise\" \/>\n<meta property=\"og:description\" content=\"Gesti\u00f3n Acolvise Acolvise es la voz de las empresas que transforman y comercializan el vidrio de seguridad, los insumos para el cerramiento vidriado y los fabricantes de ventaner\u00eda en Colombia. M\u00e1s de 13 a\u00f1os de aprendizaje y experiencia, una nueva estrategia corporativa y la constante labor para construir una\u00a0sana competencia de mercado reflejan el Acolvise ... Read more...\" \/>\n<meta property=\"og:url\" content=\"http:\/\/acolvise.org\/inicio\/gestion\/\" \/>\n<meta property=\"og:site_name\" content=\"Acolvise\" \/>\n<meta property=\"article:modified_time\" content=\"2018-03-20T17:04:11+00:00\" \/>\n<meta property=\"og:image\" content=\"http:\/\/acolvise.org\/wp-content\/uploads\/2018\/03\/ACOLVISE-LOGO-BLANCO-HORIZONTAL-1024x372.png\" \/>\n<meta name=\"twitter:card\" content=\"summary_large_image\" \/>\n<meta name=\"twitter:label1\" content=\"Tiempo de lectura\" \/>\n\t<meta name=\"twitter:data1\" content=\"2 minutos\" \/>\n<script type=\"application\/ld+json\" class=\"yoast-schema-graph\">{\"@context\":\"https:\/\/schema.org\",\"@graph\":[{\"@type\":\"WebSite\",\"@id\":\"http:\/\/acolvise.org\/inicio\/#website\",\"url\":\"http:\/\/acolvise.org\/inicio\/\",\"name\":\"Acolvise\",\"description\":\"\",\"potentialAction\":[{\"@type\":\"SearchAction\",\"target\":{\"@type\":\"EntryPoint\",\"urlTemplate\":\"http:\/\/acolvise.org\/inicio\/?s={search_term_string}\"},\"query-input\":\"required name=search_term_string\"}],\"inLanguage\":\"es\"},{\"@type\":\"ImageObject\",\"inLanguage\":\"es\",\"@id\":\"http:\/\/acolvise.org\/inicio\/gestion\/#primaryimage\",\"url\":\"http:\/\/acolvise.org\/wp-content\/uploads\/2018\/03\/ACOLVISE-LOGO-BLANCO-HORIZONTAL.png\",\"contentUrl\":\"http:\/\/acolvise.org\/wp-content\/uploads\/2018\/03\/ACOLVISE-LOGO-BLANCO-HORIZONTAL.png\",\"width\":3320,\"height\":1207},{\"@type\":\"WebPage\",\"@id\":\"http:\/\/acolvise.org\/inicio\/gestion\/#webpage\",\"url\":\"http:\/\/acolvise.org\/inicio\/gestion\/\",\"name\":\"Gesti\u00f3n - Acolvise\",\"isPartOf\":{\"@id\":\"http:\/\/acolvise.org\/inicio\/#website\"},\"primaryImageOfPage\":{\"@id\":\"http:\/\/acolvise.org\/inicio\/gestion\/#primaryimage\"},\"datePublished\":\"2018-03-13T23:45:47+00:00\",\"dateModified\":\"2018-03-20T17:04:11+00:00\",\"breadcrumb\":{\"@id\":\"http:\/\/acolvise.org\/inicio\/gestion\/#breadcrumb\"},\"inLanguage\":\"es\",\"potentialAction\":[{\"@type\":\"ReadAction\",\"target\":[\"http:\/\/acolvise.org\/inicio\/gestion\/\"]}]},{\"@type\":\"BreadcrumbList\",\"@id\":\"http:\/\/acolvise.org\/inicio\/gestion\/#breadcrumb\",\"itemListElement\":[{\"@type\":\"ListItem\",\"position\":1,\"name\":\"Portada\",\"item\":\"http:\/\/acolvise.org\/inicio\/\"},{\"@type\":\"ListItem\",\"position\":2,\"name\":\"Gesti\u00f3n\"}]}]}<\/script>\n<!-- \/ Yoast SEO plugin. -->","yoast_head_json":{"title":"Gesti\u00f3n - Acolvise","robots":{"index":"index","follow":"follow","max-snippet":"max-snippet:-1","max-image-preview":"max-image-preview:large","max-video-preview":"max-video-preview:-1"},"canonical":"http:\/\/acolvise.org\/inicio\/gestion\/","og_locale":"es_ES","og_type":"article","og_title":"Gesti\u00f3n - Acolvise","og_description":"Gesti\u00f3n Acolvise Acolvise es la voz de las empresas que transforman y comercializan el vidrio de seguridad, los insumos para el cerramiento vidriado y los fabricantes de ventaner\u00eda en Colombia. M\u00e1s de 13 a\u00f1os de aprendizaje y experiencia, una nueva estrategia corporativa y la constante labor para construir una\u00a0sana competencia de mercado reflejan el Acolvise ... Read more...","og_url":"http:\/\/acolvise.org\/inicio\/gestion\/","og_site_name":"Acolvise","article_modified_time":"2018-03-20T17:04:11+00:00","og_image":[{"url":"http:\/\/acolvise.org\/wp-content\/uploads\/2018\/03\/ACOLVISE-LOGO-BLANCO-HORIZONTAL-1024x372.png"}],"twitter_card":"summary_large_image","twitter_misc":{"Tiempo de lectura":"2 minutos"},"schema":{"@context":"https:\/\/schema.org","@graph":[{"@type":"WebSite","@id":"http:\/\/acolvise.org\/inicio\/#website","url":"http:\/\/acolvise.org\/inicio\/","name":"Acolvise","description":"","potentialAction":[{"@type":"SearchAction","target":{"@type":"EntryPoint","urlTemplate":"http:\/\/acolvise.org\/inicio\/?s={search_term_string}"},"query-input":"required name=search_term_string"}],"inLanguage":"es"},{"@type":"ImageObject","inLanguage":"es","@id":"http:\/\/acolvise.org\/inicio\/gestion\/#primaryimage","url":"http:\/\/acolvise.org\/wp-content\/uploads\/2018\/03\/ACOLVISE-LOGO-BLANCO-HORIZONTAL.png","contentUrl":"http:\/\/acolvise.org\/wp-content\/uploads\/2018\/03\/ACOLVISE-LOGO-BLANCO-HORIZONTAL.png","width":3320,"height":1207},{"@type":"WebPage","@id":"http:\/\/acolvise.org\/inicio\/gestion\/#webpage","url":"http:\/\/acolvise.org\/inicio\/gestion\/","name":"Gesti\u00f3n - Acolvise","isPartOf":{"@id":"http:\/\/acolvise.org\/inicio\/#website"},"primaryImageOfPage":{"@id":"http:\/\/acolvise.org\/inicio\/gestion\/#primaryimage"},"datePublished":"2018-03-13T23:45:47+00:00","dateModified":"2018-03-20T17:04:11+00:00","breadcrumb":{"@id":"http:\/\/acolvise.org\/inicio\/gestion\/#breadcrumb"},"inLanguage":"es","potentialAction":[{"@type":"ReadAction","target":["http:\/\/acolvise.org\/inicio\/gestion\/"]}]},{"@type":"BreadcrumbList","@id":"http:\/\/acolvise.org\/inicio\/gestion\/#breadcrumb","itemListElement":[{"@type":"ListItem","position":1,"name":"Portada","item":"http:\/\/acolvise.org\/inicio\/"},{"@type":"ListItem","position":2,"name":"Gesti\u00f3n"}]}]}},"_links":{"self":[{"href":"http:\/\/acolvise.org\/inicio\/wp-json\/wp\/v2\/pages\/1456"}],"collection":[{"href":"http:\/\/acolvise.org\/inicio\/wp-json\/wp\/v2\/pages"}],"about":[{"href":"http:\/\/acolvise.org\/inicio\/wp-json\/wp\/v2\/types\/page"}],"author":[{"embeddable":true,"href":"http:\/\/acolvise.org\/inicio\/wp-json\/wp\/v2\/users\/1383"}],"replies":[{"embeddable":true,"href":"http:\/\/acolvise.org\/inicio\/wp-json\/wp\/v2\/comments?post=1456"}],"version-history":[{"count":9,"href":"http:\/\/acolvise.org\/inicio\/wp-json\/wp\/v2\/pages\/1456\/revisions"}],"predecessor-version":[{"id":1638,"href":"http:\/\/acolvise.org\/inicio\/wp-json\/wp\/v2\/pages\/1456\/revisions\/1638"}],"wp:attachment":[{"href":"http:\/\/acolvise.org\/inicio\/wp-json\/wp\/v2\/media?parent=1456"}],"curies":[{"name":"wp","href":"https:\/\/api.w.org\/{rel}","templated":true}]}}