{"id":207,"date":"2017-07-29T04:11:03","date_gmt":"2017-07-29T04:11:03","guid":{"rendered":"http:\/\/acolvise.org\/?page_id=207"},"modified":"2022-05-26T21:24:27","modified_gmt":"2022-05-26T21:24:27","slug":"niveles-de-ruido","status":"publish","type":"page","link":"http:\/\/acolvise.org\/inicio\/marco-normativo\/niveles-de-ruido\/","title":{"rendered":"Niveles de ruido"},"content":{"rendered":"\t\t<div data-elementor-type=\"wp-page\" data-elementor-id=\"207\" class=\"elementor elementor-207 elementor-bc-flex-widget\">\n\t\t\t\t\t\t<div class=\"elementor-inner\">\n\t\t\t\t<div class=\"elementor-section-wrap\">\n\t\t\t\t\t\t\t\t\t<section data-particle_enable=\"false\" data-particle-mobile-disabled=\"false\" class=\"elementor-section elementor-top-section elementor-element elementor-element-tnuogca elementor-section-stretched elementor-section-boxed elementor-section-height-default elementor-section-height-default\" data-id=\"tnuogca\" data-element_type=\"section\" data-settings=\"{&quot;stretch_section&quot;:&quot;section-stretched&quot;}\">\n\t\t\t\t\t\t<div class=\"elementor-container elementor-column-gap-default\">\n\t\t\t\t\t\t\t<div class=\"elementor-row\">\n\t\t\t\t\t<div class=\"elementor-column elementor-col-100 elementor-top-column elementor-element elementor-element-dlkkqvh\" data-id=\"dlkkqvh\" data-element_type=\"column\">\n\t\t\t<div class=\"elementor-column-wrap elementor-element-populated\">\n\t\t\t\t\t\t\t<div class=\"elementor-widget-wrap\">\n\t\t\t\t\t\t<div class=\"elementor-element elementor-element-dngeffo elementor-widget elementor-widget-heading\" data-id=\"dngeffo\" data-element_type=\"widget\" data-widget_type=\"heading.default\">\n\t\t\t\t<div class=\"elementor-widget-container\">\n\t\t\t<h2 class=\"elementor-heading-title elementor-size-default\">MARCO LEGAL COLOMBIANO PARA EL CERRAMIENTO VIDRIADO:<\/h2>\t\t<\/div>\n\t\t\t\t<\/div>\n\t\t\t\t\t\t<\/div>\n\t\t\t\t\t<\/div>\n\t\t<\/div>\n\t\t\t\t\t\t\t\t<\/div>\n\t\t\t\t\t<\/div>\n\t\t<\/section>\n\t\t\t\t<section data-particle_enable=\"false\" data-particle-mobile-disabled=\"false\" class=\"elementor-section elementor-top-section elementor-element elementor-element-khqltcv elementor-section-stretched elementor-section-content-top elementor-section-boxed elementor-section-height-default elementor-section-height-default\" data-id=\"khqltcv\" data-element_type=\"section\" data-settings=\"{&quot;stretch_section&quot;:&quot;section-stretched&quot;,&quot;background_background&quot;:&quot;classic&quot;}\">\n\t\t\t\t\t\t<div class=\"elementor-container elementor-column-gap-default\">\n\t\t\t\t\t\t\t<div class=\"elementor-row\">\n\t\t\t\t\t<div class=\"elementor-column elementor-col-100 elementor-top-column elementor-element elementor-element-viyyqry\" data-id=\"viyyqry\" data-element_type=\"column\">\n\t\t\t<div class=\"elementor-column-wrap elementor-element-populated\">\n\t\t\t\t\t\t\t<div class=\"elementor-widget-wrap\">\n\t\t\t\t\t\t<div class=\"elementor-element elementor-element-xvdcgdn elementor-widget elementor-widget-heading\" data-id=\"xvdcgdn\" data-element_type=\"widget\" data-widget_type=\"heading.default\">\n\t\t\t\t<div class=\"elementor-widget-container\">\n\t\t\t<h2 class=\"elementor-heading-title elementor-size-default\">Niveles de ruido<\/h2>\t\t<\/div>\n\t\t\t\t<\/div>\n\t\t\t\t\t\t<\/div>\n\t\t\t\t\t<\/div>\n\t\t<\/div>\n\t\t\t\t\t\t\t\t<\/div>\n\t\t\t\t\t<\/div>\n\t\t<\/section>\n\t\t\t\t<section data-particle_enable=\"false\" data-particle-mobile-disabled=\"false\" class=\"elementor-section elementor-top-section elementor-element elementor-element-aujxoaw elementor-section-stretched elementor-section-boxed elementor-section-height-default elementor-section-height-default\" data-id=\"aujxoaw\" data-element_type=\"section\" data-settings=\"{&quot;stretch_section&quot;:&quot;section-stretched&quot;,&quot;background_background&quot;:&quot;none&quot;}\">\n\t\t\t\t\t\t<div class=\"elementor-container elementor-column-gap-default\">\n\t\t\t\t\t\t\t<div class=\"elementor-row\">\n\t\t\t\t\t<div class=\"elementor-column elementor-col-50 elementor-top-column elementor-element elementor-element-ajevahd\" data-id=\"ajevahd\" data-element_type=\"column\">\n\t\t\t<div class=\"elementor-column-wrap elementor-element-populated\">\n\t\t\t\t\t\t\t<div class=\"elementor-widget-wrap\">\n\t\t\t\t\t\t<div class=\"elementor-element elementor-element-ydrsmhr elementor-widget elementor-widget-text-editor\" data-id=\"ydrsmhr\" data-element_type=\"widget\" data-widget_type=\"text-editor.default\">\n\t\t\t\t<div class=\"elementor-widget-container\">\n\t\t\t\t\t\t\t\t<div class=\"elementor-text-editor elementor-clearfix\">\n\t\t\t\t<p><strong>Resoluci\u00f3n 0627 de 2006<\/strong> (abril 07)\u00a0\u201cpor la cual se establece la\u00a0norma nacional\u00a0de emisi\u00f3n de ruido y ruido ambiental\u201d \u00a0 \u00a0\u00a0<\/p><p>\u00a0<\/p>\t\t\t\t\t<\/div>\n\t\t\t\t\t\t<\/div>\n\t\t\t\t<\/div>\n\t\t\t\t<div class=\"elementor-element elementor-element-ubhijdk elementor-widget-divider--view-line elementor-widget elementor-widget-divider\" data-id=\"ubhijdk\" data-element_type=\"widget\" data-widget_type=\"divider.default\">\n\t\t\t\t<div class=\"elementor-widget-container\">\n\t\t\t\t\t<div class=\"elementor-divider\">\n\t\t\t<span class=\"elementor-divider-separator\">\n\t\t\t\t\t\t<\/span>\n\t\t<\/div>\n\t\t\t\t<\/div>\n\t\t\t\t<\/div>\n\t\t\t\t<div class=\"elementor-element elementor-element-naiopom elementor-widget elementor-widget-text-editor\" data-id=\"naiopom\" data-element_type=\"widget\" data-widget_type=\"text-editor.default\">\n\t\t\t\t<div class=\"elementor-widget-container\">\n\t\t\t\t\t\t\t\t<div class=\"elementor-text-editor elementor-clearfix\">\n\t\t\t\t<p>\u00a0Ministerio de ambiente, vivienda y desarrollo territorial<\/p>\t\t\t\t\t<\/div>\n\t\t\t\t\t\t<\/div>\n\t\t\t\t<\/div>\n\t\t\t\t<div class=\"elementor-element elementor-element-ganguea elementor-align-center elementor-widget elementor-widget-button\" data-id=\"ganguea\" data-element_type=\"widget\" data-widget_type=\"button.default\">\n\t\t\t\t<div class=\"elementor-widget-container\">\n\t\t\t\t\t<div class=\"elementor-button-wrapper\">\n\t\t\t<a href=\"http:\/\/www.alcaldiabogota.gov.co\/sisjur\/normas\/Norma1.jsp?i=19982\" target=\"_blank\" class=\"elementor-button-link elementor-button elementor-size-sm\" role=\"button\">\n\t\t\t\t\t\t<span class=\"elementor-button-content-wrapper\">\n\t\t\t\t\t\t<span class=\"elementor-button-text\">Ver m\u00e1s<\/span>\n\t\t<\/span>\n\t\t\t\t\t<\/a>\n\t\t<\/div>\n\t\t\t\t<\/div>\n\t\t\t\t<\/div>\n\t\t\t\t\t\t<\/div>\n\t\t\t\t\t<\/div>\n\t\t<\/div>\n\t\t\t\t<div class=\"elementor-column elementor-col-50 elementor-top-column elementor-element elementor-element-pxaoydq\" data-id=\"pxaoydq\" data-element_type=\"column\">\n\t\t\t<div class=\"elementor-column-wrap elementor-element-populated\">\n\t\t\t\t\t\t\t<div class=\"elementor-widget-wrap\">\n\t\t\t\t\t\t<div class=\"elementor-element elementor-element-exkizul elementor-widget elementor-widget-text-editor\" data-id=\"exkizul\" data-element_type=\"widget\" data-widget_type=\"text-editor.default\">\n\t\t\t\t<div class=\"elementor-widget-container\">\n\t\t\t\t\t\t\t\t<div class=\"elementor-text-editor elementor-clearfix\">\n\t\t\t\t<p><strong>Resoluci\u00f3n 6918 de 2010 (octubre 19) <\/strong>\u00abpor la cual se establece la metodolog\u00eda de medici\u00f3n y se fijan los niveles de ruido al interior de las edificaciones (inmisi\u00f3n) generados por la incidencia de fuentes fijas de ruido\u00bb.<\/p>\t\t\t\t\t<\/div>\n\t\t\t\t\t\t<\/div>\n\t\t\t\t<\/div>\n\t\t\t\t<div class=\"elementor-element elementor-element-mcqpkyb elementor-widget-divider--view-line elementor-widget elementor-widget-divider\" data-id=\"mcqpkyb\" data-element_type=\"widget\" data-widget_type=\"divider.default\">\n\t\t\t\t<div class=\"elementor-widget-container\">\n\t\t\t\t\t<div class=\"elementor-divider\">\n\t\t\t<span class=\"elementor-divider-separator\">\n\t\t\t\t\t\t<\/span>\n\t\t<\/div>\n\t\t\t\t<\/div>\n\t\t\t\t<\/div>\n\t\t\t\t<div class=\"elementor-element elementor-element-yrlejcb elementor-widget elementor-widget-text-editor\" data-id=\"yrlejcb\" data-element_type=\"widget\" data-widget_type=\"text-editor.default\">\n\t\t\t\t<div class=\"elementor-widget-container\">\n\t\t\t\t\t\t\t\t<div class=\"elementor-text-editor elementor-clearfix\">\n\t\t\t\t<p>Secretar\u00eda distrital de ambiente<\/p>\t\t\t\t\t<\/div>\n\t\t\t\t\t\t<\/div>\n\t\t\t\t<\/div>\n\t\t\t\t<div class=\"elementor-element elementor-element-rnfbpuu elementor-align-center elementor-widget elementor-widget-button\" data-id=\"rnfbpuu\" data-element_type=\"widget\" data-widget_type=\"button.default\">\n\t\t\t\t<div class=\"elementor-widget-container\">\n\t\t\t\t\t<div class=\"elementor-button-wrapper\">\n\t\t\t<a href=\"http:\/\/www.alcaldiabogota.gov.co\/sisjur\/normas\/Norma1.jsp?i=40790\" target=\"_blank\" class=\"elementor-button-link elementor-button elementor-size-sm\" role=\"button\">\n\t\t\t\t\t\t<span class=\"elementor-button-content-wrapper\">\n\t\t\t\t\t\t<span class=\"elementor-button-text\">Ver m\u00e1s<\/span>\n\t\t<\/span>\n\t\t\t\t\t<\/a>\n\t\t<\/div>\n\t\t\t\t<\/div>\n\t\t\t\t<\/div>\n\t\t\t\t\t\t<\/div>\n\t\t\t\t\t<\/div>\n\t\t<\/div>\n\t\t\t\t\t\t\t\t<\/div>\n\t\t\t\t\t<\/div>\n\t\t<\/section>\n\t\t\t\t\t\t\t\t\t<\/div>\n\t\t\t<\/div>\n\t\t\t\t\t<\/div>\n\t\t","protected":false},"excerpt":{"rendered":"<p>&nbsp; MARCO LEGAL COLOMBIANO PARA EL CERRAMIENTO VIDRIADO: Niveles de ruido Resoluci\u00f3n 0627 de 2006 (abril 07)\u00a0\u201cpor la cual se establece la\u00a0norma nacional\u00a0de emisi\u00f3n de ruido y ruido ambiental\u201d Ministerio de ambiente, vivienda y desarrollo territorial Ver m\u00e1s Resoluci\u00f3n 6918 de 2010 (octubre 19) \u00abpor la cual se establece la metodolog\u00eda de medici\u00f3n y se &#8230; <a title=\"Niveles de ruido\" class=\"read-more\" href=\"http:\/\/acolvise.org\/inicio\/marco-normativo\/niveles-de-ruido\/\">Read more&#8230;<\/a><\/p>\n","protected":false},"author":1,"featured_media":0,"parent":197,"menu_order":0,"comment_status":"closed","ping_status":"closed","template":"","meta":{"_mi_skip_tracking":false},"yoast_head":"<!-- This site is optimized with the Yoast SEO plugin v18.9 - https:\/\/yoast.com\/wordpress\/plugins\/seo\/ -->\n<title>Niveles de ruido - Acolvise<\/title>\n<meta name=\"robots\" content=\"index, follow, max-snippet:-1, max-image-preview:large, max-video-preview:-1\" \/>\n<link rel=\"canonical\" href=\"http:\/\/acolvise.org\/inicio\/marco-normativo\/niveles-de-ruido\/\" \/>\n<meta property=\"og:locale\" content=\"es_ES\" \/>\n<meta property=\"og:type\" content=\"article\" \/>\n<meta property=\"og:title\" content=\"Niveles de ruido - Acolvise\" \/>\n<meta property=\"og:description\" content=\"&nbsp; MARCO LEGAL COLOMBIANO PARA EL CERRAMIENTO VIDRIADO: Niveles de ruido Resoluci\u00f3n 0627 de 2006 (abril 07)\u00a0\u201cpor la cual se establece la\u00a0norma nacional\u00a0de emisi\u00f3n de ruido y ruido ambiental\u201d Ministerio de ambiente, vivienda y desarrollo territorial Ver m\u00e1s Resoluci\u00f3n 6918 de 2010 (octubre 19) \u00abpor la cual se establece la metodolog\u00eda de medici\u00f3n y se ... Read more...\" \/>\n<meta property=\"og:url\" content=\"http:\/\/acolvise.org\/inicio\/marco-normativo\/niveles-de-ruido\/\" \/>\n<meta property=\"og:site_name\" content=\"Acolvise\" \/>\n<meta property=\"article:modified_time\" content=\"2022-05-26T21:24:27+00:00\" \/>\n<meta name=\"twitter:card\" content=\"summary_large_image\" \/>\n<script type=\"application\/ld+json\" class=\"yoast-schema-graph\">{\"@context\":\"https:\/\/schema.org\",\"@graph\":[{\"@type\":\"WebSite\",\"@id\":\"http:\/\/acolvise.org\/inicio\/#website\",\"url\":\"http:\/\/acolvise.org\/inicio\/\",\"name\":\"Acolvise\",\"description\":\"\",\"potentialAction\":[{\"@type\":\"SearchAction\",\"target\":{\"@type\":\"EntryPoint\",\"urlTemplate\":\"http:\/\/acolvise.org\/inicio\/?s={search_term_string}\"},\"query-input\":\"required name=search_term_string\"}],\"inLanguage\":\"es\"},{\"@type\":\"WebPage\",\"@id\":\"http:\/\/acolvise.org\/inicio\/marco-normativo\/niveles-de-ruido\/#webpage\",\"url\":\"http:\/\/acolvise.org\/inicio\/marco-normativo\/niveles-de-ruido\/\",\"name\":\"Niveles de ruido - Acolvise\",\"isPartOf\":{\"@id\":\"http:\/\/acolvise.org\/inicio\/#website\"},\"datePublished\":\"2017-07-29T04:11:03+00:00\",\"dateModified\":\"2022-05-26T21:24:27+00:00\",\"breadcrumb\":{\"@id\":\"http:\/\/acolvise.org\/inicio\/marco-normativo\/niveles-de-ruido\/#breadcrumb\"},\"inLanguage\":\"es\",\"potentialAction\":[{\"@type\":\"ReadAction\",\"target\":[\"http:\/\/acolvise.org\/inicio\/marco-normativo\/niveles-de-ruido\/\"]}]},{\"@type\":\"BreadcrumbList\",\"@id\":\"http:\/\/acolvise.org\/inicio\/marco-normativo\/niveles-de-ruido\/#breadcrumb\",\"itemListElement\":[{\"@type\":\"ListItem\",\"position\":1,\"name\":\"Portada\",\"item\":\"http:\/\/acolvise.org\/inicio\/\"},{\"@type\":\"ListItem\",\"position\":2,\"name\":\"Normativo-Legal\",\"item\":\"http:\/\/acolvise.org\/inicio\/marco-normativo\/\"},{\"@type\":\"ListItem\",\"position\":3,\"name\":\"Niveles de ruido\"}]}]}<\/script>\n<!-- \/ Yoast SEO plugin. -->","yoast_head_json":{"title":"Niveles de ruido - Acolvise","robots":{"index":"index","follow":"follow","max-snippet":"max-snippet:-1","max-image-preview":"max-image-preview:large","max-video-preview":"max-video-preview:-1"},"canonical":"http:\/\/acolvise.org\/inicio\/marco-normativo\/niveles-de-ruido\/","og_locale":"es_ES","og_type":"article","og_title":"Niveles de ruido - Acolvise","og_description":"&nbsp; MARCO LEGAL COLOMBIANO PARA EL CERRAMIENTO VIDRIADO: Niveles de ruido Resoluci\u00f3n 0627 de 2006 (abril 07)\u00a0\u201cpor la cual se establece la\u00a0norma nacional\u00a0de emisi\u00f3n de ruido y ruido ambiental\u201d Ministerio de ambiente, vivienda y desarrollo territorial Ver m\u00e1s Resoluci\u00f3n 6918 de 2010 (octubre 19) \u00abpor la cual se establece la metodolog\u00eda de medici\u00f3n y se ... Read more...","og_url":"http:\/\/acolvise.org\/inicio\/marco-normativo\/niveles-de-ruido\/","og_site_name":"Acolvise","article_modified_time":"2022-05-26T21:24:27+00:00","twitter_card":"summary_large_image","schema":{"@context":"https:\/\/schema.org","@graph":[{"@type":"WebSite","@id":"http:\/\/acolvise.org\/inicio\/#website","url":"http:\/\/acolvise.org\/inicio\/","name":"Acolvise","description":"","potentialAction":[{"@type":"SearchAction","target":{"@type":"EntryPoint","urlTemplate":"http:\/\/acolvise.org\/inicio\/?s={search_term_string}"},"query-input":"required name=search_term_string"}],"inLanguage":"es"},{"@type":"WebPage","@id":"http:\/\/acolvise.org\/inicio\/marco-normativo\/niveles-de-ruido\/#webpage","url":"http:\/\/acolvise.org\/inicio\/marco-normativo\/niveles-de-ruido\/","name":"Niveles de ruido - Acolvise","isPartOf":{"@id":"http:\/\/acolvise.org\/inicio\/#website"},"datePublished":"2017-07-29T04:11:03+00:00","dateModified":"2022-05-26T21:24:27+00:00","breadcrumb":{"@id":"http:\/\/acolvise.org\/inicio\/marco-normativo\/niveles-de-ruido\/#breadcrumb"},"inLanguage":"es","potentialAction":[{"@type":"ReadAction","target":["http:\/\/acolvise.org\/inicio\/marco-normativo\/niveles-de-ruido\/"]}]},{"@type":"BreadcrumbList","@id":"http:\/\/acolvise.org\/inicio\/marco-normativo\/niveles-de-ruido\/#breadcrumb","itemListElement":[{"@type":"ListItem","position":1,"name":"Portada","item":"http:\/\/acolvise.org\/inicio\/"},{"@type":"ListItem","position":2,"name":"Normativo-Legal","item":"http:\/\/acolvise.org\/inicio\/marco-normativo\/"},{"@type":"ListItem","position":3,"name":"Niveles de ruido"}]}]}},"_links":{"self":[{"href":"http:\/\/acolvise.org\/inicio\/wp-json\/wp\/v2\/pages\/207"}],"collection":[{"href":"http:\/\/acolvise.org\/inicio\/wp-json\/wp\/v2\/pages"}],"about":[{"href":"http:\/\/acolvise.org\/inicio\/wp-json\/wp\/v2\/types\/page"}],"author":[{"embeddable":true,"href":"http:\/\/acolvise.org\/inicio\/wp-json\/wp\/v2\/users\/1"}],"replies":[{"embeddable":true,"href":"http:\/\/acolvise.org\/inicio\/wp-json\/wp\/v2\/comments?post=207"}],"version-history":[{"count":2,"href":"http:\/\/acolvise.org\/inicio\/wp-json\/wp\/v2\/pages\/207\/revisions"}],"predecessor-version":[{"id":209,"href":"http:\/\/acolvise.org\/inicio\/wp-json\/wp\/v2\/pages\/207\/revisions\/209"}],"up":[{"embeddable":true,"href":"http:\/\/acolvise.org\/inicio\/wp-json\/wp\/v2\/pages\/197"}],"wp:attachment":[{"href":"http:\/\/acolvise.org\/inicio\/wp-json\/wp\/v2\/media?parent=207"}],"curies":[{"name":"wp","href":"https:\/\/api.w.org\/{rel}","templated":true}]}}