{"id":245,"date":"2017-07-29T04:36:20","date_gmt":"2017-07-29T04:36:20","guid":{"rendered":"http:\/\/acolvise.org\/?page_id=245"},"modified":"2022-05-26T21:24:51","modified_gmt":"2022-05-26T21:24:51","slug":"sostenibilidad","status":"publish","type":"page","link":"http:\/\/acolvise.org\/inicio\/marco-normativo\/sostenibilidad\/","title":{"rendered":"Sostenibilidad"},"content":{"rendered":"\t\t<div data-elementor-type=\"wp-page\" data-elementor-id=\"245\" class=\"elementor elementor-245 elementor-bc-flex-widget\">\n\t\t\t\t\t\t<div class=\"elementor-inner\">\n\t\t\t\t<div class=\"elementor-section-wrap\">\n\t\t\t\t\t\t\t\t\t<section data-particle_enable=\"false\" data-particle-mobile-disabled=\"false\" class=\"elementor-section elementor-top-section elementor-element elementor-element-qxtnetc elementor-section-stretched elementor-section-content-top elementor-section-boxed elementor-section-height-default elementor-section-height-default\" data-id=\"qxtnetc\" data-element_type=\"section\" data-settings=\"{&quot;stretch_section&quot;:&quot;section-stretched&quot;,&quot;background_background&quot;:&quot;classic&quot;}\">\n\t\t\t\t\t\t<div class=\"elementor-container elementor-column-gap-default\">\n\t\t\t\t\t\t\t<div class=\"elementor-row\">\n\t\t\t\t\t<div class=\"elementor-column elementor-col-100 elementor-top-column elementor-element elementor-element-eyppnoq\" data-id=\"eyppnoq\" data-element_type=\"column\">\n\t\t\t<div class=\"elementor-column-wrap elementor-element-populated\">\n\t\t\t\t\t\t\t<div class=\"elementor-widget-wrap\">\n\t\t\t\t\t\t<div class=\"elementor-element elementor-element-vaeazfw elementor-widget elementor-widget-heading\" data-id=\"vaeazfw\" data-element_type=\"widget\" data-widget_type=\"heading.default\">\n\t\t\t\t<div class=\"elementor-widget-container\">\n\t\t\t<h2 class=\"elementor-heading-title elementor-size-default\">Sostenibilidad<\/h2>\t\t<\/div>\n\t\t\t\t<\/div>\n\t\t\t\t\t\t<\/div>\n\t\t\t\t\t<\/div>\n\t\t<\/div>\n\t\t\t\t\t\t\t\t<\/div>\n\t\t\t\t\t<\/div>\n\t\t<\/section>\n\t\t\t\t<section data-particle_enable=\"false\" data-particle-mobile-disabled=\"false\" class=\"elementor-section elementor-top-section elementor-element elementor-element-vtvampy elementor-section-stretched elementor-section-boxed elementor-section-height-default elementor-section-height-default\" data-id=\"vtvampy\" data-element_type=\"section\" data-settings=\"{&quot;stretch_section&quot;:&quot;section-stretched&quot;,&quot;background_background&quot;:&quot;classic&quot;}\">\n\t\t\t\t\t\t<div class=\"elementor-container elementor-column-gap-default\">\n\t\t\t\t\t\t\t<div class=\"elementor-row\">\n\t\t\t\t\t<div class=\"elementor-column elementor-col-100 elementor-top-column elementor-element elementor-element-rougysz\" data-id=\"rougysz\" data-element_type=\"column\">\n\t\t\t<div class=\"elementor-column-wrap elementor-element-populated\">\n\t\t\t\t\t\t\t<div class=\"elementor-widget-wrap\">\n\t\t\t\t\t\t<div class=\"elementor-element elementor-element-fkwqnhe elementor-widget elementor-widget-text-editor\" data-id=\"fkwqnhe\" data-element_type=\"widget\" data-widget_type=\"text-editor.default\">\n\t\t\t\t<div class=\"elementor-widget-container\">\n\t\t\t\t\t\t\t\t<div class=\"elementor-text-editor elementor-clearfix\">\n\t\t\t\t<p><strong>Resoluci\u00f3n 0549 de 2015<\/strong> (10 julio)\u00a0par\u00e1metros y lineamientos de construcci\u00f3n sostenible y se adopta la\u00a0gu\u00eda para el ahorro de agua y energ\u00eda en edificaciones.<\/p>\t\t\t\t\t<\/div>\n\t\t\t\t\t\t<\/div>\n\t\t\t\t<\/div>\n\t\t\t\t<div class=\"elementor-element elementor-element-rcfvvrr elementor-widget-divider--view-line elementor-widget elementor-widget-divider\" data-id=\"rcfvvrr\" data-element_type=\"widget\" data-widget_type=\"divider.default\">\n\t\t\t\t<div class=\"elementor-widget-container\">\n\t\t\t\t\t<div class=\"elementor-divider\">\n\t\t\t<span class=\"elementor-divider-separator\">\n\t\t\t\t\t\t<\/span>\n\t\t<\/div>\n\t\t\t\t<\/div>\n\t\t\t\t<\/div>\n\t\t\t\t<div class=\"elementor-element elementor-element-rfbrqap elementor-widget elementor-widget-text-editor\" data-id=\"rfbrqap\" data-element_type=\"widget\" data-widget_type=\"text-editor.default\">\n\t\t\t\t<div class=\"elementor-widget-container\">\n\t\t\t\t\t\t\t\t<div class=\"elementor-text-editor elementor-clearfix\">\n\t\t\t\t<p>Ministerio de vivienda ciudad y territorio.<\/p>\t\t\t\t\t<\/div>\n\t\t\t\t\t\t<\/div>\n\t\t\t\t<\/div>\n\t\t\t\t<div class=\"elementor-element elementor-element-tnieppm elementor-align-center elementor-widget elementor-widget-button\" data-id=\"tnieppm\" data-element_type=\"widget\" data-widget_type=\"button.default\">\n\t\t\t\t<div class=\"elementor-widget-container\">\n\t\t\t\t\t<div class=\"elementor-button-wrapper\">\n\t\t\t<a href=\"http:\/\/www.minvivienda.gov.co\/ResolucionesVivienda\/0549%20-%202015.pdf\" target=\"_blank\" class=\"elementor-button-link elementor-button elementor-size-sm\" role=\"button\">\n\t\t\t\t\t\t<span class=\"elementor-button-content-wrapper\">\n\t\t\t\t\t\t<span class=\"elementor-button-text\">Ver m\u00e1s<\/span>\n\t\t<\/span>\n\t\t\t\t\t<\/a>\n\t\t<\/div>\n\t\t\t\t<\/div>\n\t\t\t\t<\/div>\n\t\t\t\t\t\t<\/div>\n\t\t\t\t\t<\/div>\n\t\t<\/div>\n\t\t\t\t\t\t\t\t<\/div>\n\t\t\t\t\t<\/div>\n\t\t<\/section>\n\t\t\t\t\t\t\t\t\t<\/div>\n\t\t\t<\/div>\n\t\t\t\t\t<\/div>\n\t\t","protected":false},"excerpt":{"rendered":"<p>&nbsp; Sostenibilidad Resoluci\u00f3n 0549 de 2015 (10 julio)\u00a0par\u00e1metros y lineamientos de construcci\u00f3n sostenible y se adopta la\u00a0gu\u00eda para el ahorro de agua y energ\u00eda en edificaciones. Ministerio de vivienda ciudad y territorio. Ver m\u00e1s<\/p>\n","protected":false},"author":1,"featured_media":0,"parent":197,"menu_order":0,"comment_status":"closed","ping_status":"closed","template":"","meta":{"_mi_skip_tracking":false},"yoast_head":"<!-- This site is optimized with the Yoast SEO plugin v18.9 - https:\/\/yoast.com\/wordpress\/plugins\/seo\/ -->\n<title>Sostenibilidad - Acolvise<\/title>\n<meta name=\"robots\" content=\"index, follow, max-snippet:-1, max-image-preview:large, max-video-preview:-1\" \/>\n<link rel=\"canonical\" href=\"http:\/\/acolvise.org\/inicio\/marco-normativo\/sostenibilidad\/\" \/>\n<meta property=\"og:locale\" content=\"es_ES\" \/>\n<meta property=\"og:type\" content=\"article\" \/>\n<meta property=\"og:title\" content=\"Sostenibilidad - Acolvise\" \/>\n<meta property=\"og:description\" content=\"&nbsp; Sostenibilidad Resoluci\u00f3n 0549 de 2015 (10 julio)\u00a0par\u00e1metros y lineamientos de construcci\u00f3n sostenible y se adopta la\u00a0gu\u00eda para el ahorro de agua y energ\u00eda en edificaciones. Ministerio de vivienda ciudad y territorio. Ver m\u00e1s\" \/>\n<meta property=\"og:url\" content=\"http:\/\/acolvise.org\/inicio\/marco-normativo\/sostenibilidad\/\" \/>\n<meta property=\"og:site_name\" content=\"Acolvise\" \/>\n<meta property=\"article:modified_time\" content=\"2022-05-26T21:24:51+00:00\" \/>\n<meta name=\"twitter:card\" content=\"summary_large_image\" \/>\n<script type=\"application\/ld+json\" class=\"yoast-schema-graph\">{\"@context\":\"https:\/\/schema.org\",\"@graph\":[{\"@type\":\"WebSite\",\"@id\":\"http:\/\/acolvise.org\/inicio\/#website\",\"url\":\"http:\/\/acolvise.org\/inicio\/\",\"name\":\"Acolvise\",\"description\":\"\",\"potentialAction\":[{\"@type\":\"SearchAction\",\"target\":{\"@type\":\"EntryPoint\",\"urlTemplate\":\"http:\/\/acolvise.org\/inicio\/?s={search_term_string}\"},\"query-input\":\"required name=search_term_string\"}],\"inLanguage\":\"es\"},{\"@type\":\"WebPage\",\"@id\":\"http:\/\/acolvise.org\/inicio\/marco-normativo\/sostenibilidad\/#webpage\",\"url\":\"http:\/\/acolvise.org\/inicio\/marco-normativo\/sostenibilidad\/\",\"name\":\"Sostenibilidad - Acolvise\",\"isPartOf\":{\"@id\":\"http:\/\/acolvise.org\/inicio\/#website\"},\"datePublished\":\"2017-07-29T04:36:20+00:00\",\"dateModified\":\"2022-05-26T21:24:51+00:00\",\"breadcrumb\":{\"@id\":\"http:\/\/acolvise.org\/inicio\/marco-normativo\/sostenibilidad\/#breadcrumb\"},\"inLanguage\":\"es\",\"potentialAction\":[{\"@type\":\"ReadAction\",\"target\":[\"http:\/\/acolvise.org\/inicio\/marco-normativo\/sostenibilidad\/\"]}]},{\"@type\":\"BreadcrumbList\",\"@id\":\"http:\/\/acolvise.org\/inicio\/marco-normativo\/sostenibilidad\/#breadcrumb\",\"itemListElement\":[{\"@type\":\"ListItem\",\"position\":1,\"name\":\"Portada\",\"item\":\"http:\/\/acolvise.org\/inicio\/\"},{\"@type\":\"ListItem\",\"position\":2,\"name\":\"Normativo-Legal\",\"item\":\"http:\/\/acolvise.org\/inicio\/marco-normativo\/\"},{\"@type\":\"ListItem\",\"position\":3,\"name\":\"Sostenibilidad\"}]}]}<\/script>\n<!-- \/ Yoast SEO plugin. -->","yoast_head_json":{"title":"Sostenibilidad - Acolvise","robots":{"index":"index","follow":"follow","max-snippet":"max-snippet:-1","max-image-preview":"max-image-preview:large","max-video-preview":"max-video-preview:-1"},"canonical":"http:\/\/acolvise.org\/inicio\/marco-normativo\/sostenibilidad\/","og_locale":"es_ES","og_type":"article","og_title":"Sostenibilidad - Acolvise","og_description":"&nbsp; Sostenibilidad Resoluci\u00f3n 0549 de 2015 (10 julio)\u00a0par\u00e1metros y lineamientos de construcci\u00f3n sostenible y se adopta la\u00a0gu\u00eda para el ahorro de agua y energ\u00eda en edificaciones. Ministerio de vivienda ciudad y territorio. Ver m\u00e1s","og_url":"http:\/\/acolvise.org\/inicio\/marco-normativo\/sostenibilidad\/","og_site_name":"Acolvise","article_modified_time":"2022-05-26T21:24:51+00:00","twitter_card":"summary_large_image","schema":{"@context":"https:\/\/schema.org","@graph":[{"@type":"WebSite","@id":"http:\/\/acolvise.org\/inicio\/#website","url":"http:\/\/acolvise.org\/inicio\/","name":"Acolvise","description":"","potentialAction":[{"@type":"SearchAction","target":{"@type":"EntryPoint","urlTemplate":"http:\/\/acolvise.org\/inicio\/?s={search_term_string}"},"query-input":"required name=search_term_string"}],"inLanguage":"es"},{"@type":"WebPage","@id":"http:\/\/acolvise.org\/inicio\/marco-normativo\/sostenibilidad\/#webpage","url":"http:\/\/acolvise.org\/inicio\/marco-normativo\/sostenibilidad\/","name":"Sostenibilidad - Acolvise","isPartOf":{"@id":"http:\/\/acolvise.org\/inicio\/#website"},"datePublished":"2017-07-29T04:36:20+00:00","dateModified":"2022-05-26T21:24:51+00:00","breadcrumb":{"@id":"http:\/\/acolvise.org\/inicio\/marco-normativo\/sostenibilidad\/#breadcrumb"},"inLanguage":"es","potentialAction":[{"@type":"ReadAction","target":["http:\/\/acolvise.org\/inicio\/marco-normativo\/sostenibilidad\/"]}]},{"@type":"BreadcrumbList","@id":"http:\/\/acolvise.org\/inicio\/marco-normativo\/sostenibilidad\/#breadcrumb","itemListElement":[{"@type":"ListItem","position":1,"name":"Portada","item":"http:\/\/acolvise.org\/inicio\/"},{"@type":"ListItem","position":2,"name":"Normativo-Legal","item":"http:\/\/acolvise.org\/inicio\/marco-normativo\/"},{"@type":"ListItem","position":3,"name":"Sostenibilidad"}]}]}},"_links":{"self":[{"href":"http:\/\/acolvise.org\/inicio\/wp-json\/wp\/v2\/pages\/245"}],"collection":[{"href":"http:\/\/acolvise.org\/inicio\/wp-json\/wp\/v2\/pages"}],"about":[{"href":"http:\/\/acolvise.org\/inicio\/wp-json\/wp\/v2\/types\/page"}],"author":[{"embeddable":true,"href":"http:\/\/acolvise.org\/inicio\/wp-json\/wp\/v2\/users\/1"}],"replies":[{"embeddable":true,"href":"http:\/\/acolvise.org\/inicio\/wp-json\/wp\/v2\/comments?post=245"}],"version-history":[{"count":2,"href":"http:\/\/acolvise.org\/inicio\/wp-json\/wp\/v2\/pages\/245\/revisions"}],"predecessor-version":[{"id":247,"href":"http:\/\/acolvise.org\/inicio\/wp-json\/wp\/v2\/pages\/245\/revisions\/247"}],"up":[{"embeddable":true,"href":"http:\/\/acolvise.org\/inicio\/wp-json\/wp\/v2\/pages\/197"}],"wp:attachment":[{"href":"http:\/\/acolvise.org\/inicio\/wp-json\/wp\/v2\/media?parent=245"}],"curies":[{"name":"wp","href":"https:\/\/api.w.org\/{rel}","templated":true}]}}