{"id":998,"date":"2017-11-02T20:24:16","date_gmt":"2017-11-02T20:24:16","guid":{"rendered":"http:\/\/acolvise.org\/inicio\/?page_id=998"},"modified":"2023-06-26T14:59:20","modified_gmt":"2023-06-26T14:59:20","slug":"contacto","status":"publish","type":"page","link":"http:\/\/acolvise.org\/inicio\/contacto\/","title":{"rendered":"Contacto"},"content":{"rendered":"\t\t<div data-elementor-type=\"wp-page\" data-elementor-id=\"998\" class=\"elementor elementor-998\">\n\t\t\t\t\t\t<div class=\"elementor-inner\">\n\t\t\t\t<div class=\"elementor-section-wrap\">\n\t\t\t\t\t\t\t\t\t<section data-particle_enable=\"false\" data-particle-mobile-disabled=\"false\" class=\"elementor-section elementor-top-section elementor-element elementor-element-2530be8 elementor-section-boxed elementor-section-height-default elementor-section-height-default\" data-id=\"2530be8\" data-element_type=\"section\">\n\t\t\t\t\t\t<div class=\"elementor-container elementor-column-gap-default\">\n\t\t\t\t\t\t\t<div class=\"elementor-row\">\n\t\t\t\t\t<div class=\"elementor-column elementor-col-100 elementor-top-column elementor-element elementor-element-3f059f2\" data-id=\"3f059f2\" data-element_type=\"column\">\n\t\t\t<div class=\"elementor-column-wrap elementor-element-populated\">\n\t\t\t\t\t\t\t<div class=\"elementor-widget-wrap\">\n\t\t\t\t\t\t<div class=\"elementor-element elementor-element-fcf1bd7 elementor-widget elementor-widget-heading\" data-id=\"fcf1bd7\" data-element_type=\"widget\" data-widget_type=\"heading.default\">\n\t\t\t\t<div class=\"elementor-widget-container\">\n\t\t\t<h2 class=\"elementor-heading-title elementor-size-default\">Comun\u00edcate con nosotros<\/h2>\t\t<\/div>\n\t\t\t\t<\/div>\n\t\t\t\t\t\t<\/div>\n\t\t\t\t\t<\/div>\n\t\t<\/div>\n\t\t\t\t\t\t\t\t<\/div>\n\t\t\t\t\t<\/div>\n\t\t<\/section>\n\t\t\t\t<section data-particle_enable=\"false\" data-particle-mobile-disabled=\"false\" class=\"elementor-section elementor-top-section elementor-element elementor-element-d47c35f elementor-section-boxed elementor-section-height-default elementor-section-height-default\" data-id=\"d47c35f\" data-element_type=\"section\">\n\t\t\t\t\t\t<div class=\"elementor-container elementor-column-gap-default\">\n\t\t\t\t\t\t\t<div class=\"elementor-row\">\n\t\t\t\t\t<div class=\"elementor-column elementor-col-33 elementor-top-column elementor-element elementor-element-5ec58e0\" data-id=\"5ec58e0\" data-element_type=\"column\">\n\t\t\t<div class=\"elementor-column-wrap elementor-element-populated\">\n\t\t\t\t\t\t\t<div class=\"elementor-widget-wrap\">\n\t\t\t\t\t\t<div class=\"elementor-element elementor-element-81cd129 elementor-view-default elementor-mobile-position-top elementor-vertical-align-top elementor-widget elementor-widget-icon-box\" data-id=\"81cd129\" data-element_type=\"widget\" data-widget_type=\"icon-box.default\">\n\t\t\t\t<div class=\"elementor-widget-container\">\n\t\t\t\t\t<div class=\"elementor-icon-box-wrapper\">\n\t\t\t\t\t\t<div class=\"elementor-icon-box-icon\">\n\t\t\t\t<span class=\"elementor-icon elementor-animation-\" >\n\t\t\t\t<i aria-hidden=\"true\" class=\"far fa-address-card\"><\/i>\t\t\t\t<\/span>\n\t\t\t<\/div>\n\t\t\t\t\t\t<div class=\"elementor-icon-box-content\">\n\t\t\t\t<h3 class=\"elementor-icon-box-title\">\n\t\t\t\t\t<span  >\n\t\t\t\t\t\tCorrespondencia\t\t\t\t\t<\/span>\n\t\t\t\t<\/h3>\n\t\t\t\t\t\t\t\t\t<p class=\"elementor-icon-box-description\">\n\t\t\t\t\t\tAvenida Calle 17 # 132- 18   <br>Int 24<br>Parque Industrial Urapanes \t\t\t\t\t<\/p>\n\t\t\t\t\t\t\t<\/div>\n\t\t<\/div>\n\t\t\t\t<\/div>\n\t\t\t\t<\/div>\n\t\t\t\t\t\t<\/div>\n\t\t\t\t\t<\/div>\n\t\t<\/div>\n\t\t\t\t<div class=\"elementor-column elementor-col-33 elementor-top-column elementor-element elementor-element-5238c1a\" data-id=\"5238c1a\" data-element_type=\"column\">\n\t\t\t<div class=\"elementor-column-wrap elementor-element-populated\">\n\t\t\t\t\t\t\t<div class=\"elementor-widget-wrap\">\n\t\t\t\t\t\t<div class=\"elementor-element elementor-element-91472ac elementor-view-default elementor-mobile-position-top elementor-vertical-align-top elementor-widget elementor-widget-icon-box\" data-id=\"91472ac\" data-element_type=\"widget\" data-widget_type=\"icon-box.default\">\n\t\t\t\t<div class=\"elementor-widget-container\">\n\t\t\t\t\t<div class=\"elementor-icon-box-wrapper\">\n\t\t\t\t\t\t<div class=\"elementor-icon-box-icon\">\n\t\t\t\t<span class=\"elementor-icon elementor-animation-\" >\n\t\t\t\t<i aria-hidden=\"true\" class=\"fas fa-phone\"><\/i>\t\t\t\t<\/span>\n\t\t\t<\/div>\n\t\t\t\t\t\t<div class=\"elementor-icon-box-content\">\n\t\t\t\t<h3 class=\"elementor-icon-box-title\">\n\t\t\t\t\t<span  >\n\t\t\t\t\t\tLl\u00e1manos\t\t\t\t\t<\/span>\n\t\t\t\t<\/h3>\n\t\t\t\t\t\t\t\t\t<p class=\"elementor-icon-box-description\">\n\t\t\t\t\t\t+57 317 6684247\t\t\t\t\t<\/p>\n\t\t\t\t\t\t\t<\/div>\n\t\t<\/div>\n\t\t\t\t<\/div>\n\t\t\t\t<\/div>\n\t\t\t\t\t\t<\/div>\n\t\t\t\t\t<\/div>\n\t\t<\/div>\n\t\t\t\t<div class=\"elementor-column elementor-col-33 elementor-top-column elementor-element elementor-element-b83dd69\" data-id=\"b83dd69\" data-element_type=\"column\">\n\t\t\t<div class=\"elementor-column-wrap elementor-element-populated\">\n\t\t\t\t\t\t\t<div class=\"elementor-widget-wrap\">\n\t\t\t\t\t\t<div class=\"elementor-element elementor-element-a6ac7b1 elementor-view-default elementor-mobile-position-top elementor-vertical-align-top elementor-widget elementor-widget-icon-box\" data-id=\"a6ac7b1\" data-element_type=\"widget\" data-widget_type=\"icon-box.default\">\n\t\t\t\t<div class=\"elementor-widget-container\">\n\t\t\t\t\t<div class=\"elementor-icon-box-wrapper\">\n\t\t\t\t\t\t<div class=\"elementor-icon-box-icon\">\n\t\t\t\t<span class=\"elementor-icon elementor-animation-\" >\n\t\t\t\t<i aria-hidden=\"true\" class=\"fas fa-envelope\"><\/i>\t\t\t\t<\/span>\n\t\t\t<\/div>\n\t\t\t\t\t\t<div class=\"elementor-icon-box-content\">\n\t\t\t\t<h3 class=\"elementor-icon-box-title\">\n\t\t\t\t\t<span  >\n\t\t\t\t\t\tEscr\u00edbenos\t\t\t\t\t<\/span>\n\t\t\t\t<\/h3>\n\t\t\t\t\t\t\t\t\t<p class=\"elementor-icon-box-description\">\n\t\t\t\t\t\tinfo@acolvise.org\t\t\t\t\t<\/p>\n\t\t\t\t\t\t\t<\/div>\n\t\t<\/div>\n\t\t\t\t<\/div>\n\t\t\t\t<\/div>\n\t\t\t\t\t\t<\/div>\n\t\t\t\t\t<\/div>\n\t\t<\/div>\n\t\t\t\t\t\t\t\t<\/div>\n\t\t\t\t\t<\/div>\n\t\t<\/section>\n\t\t\t\t<section data-particle_enable=\"false\" data-particle-mobile-disabled=\"false\" class=\"elementor-section elementor-top-section elementor-element elementor-element-5b2f825 elementor-section-boxed elementor-section-height-default elementor-section-height-default\" data-id=\"5b2f825\" data-element_type=\"section\">\n\t\t\t\t\t\t<div class=\"elementor-container elementor-column-gap-default\">\n\t\t\t\t\t\t\t<div class=\"elementor-row\">\n\t\t\t\t\t<div class=\"elementor-column elementor-col-100 elementor-top-column elementor-element elementor-element-d8663ee\" data-id=\"d8663ee\" data-element_type=\"column\">\n\t\t\t<div class=\"elementor-column-wrap elementor-element-populated\">\n\t\t\t\t\t\t\t<div class=\"elementor-widget-wrap\">\n\t\t\t\t\t\t<div class=\"elementor-element elementor-element-5eb842a elementor-widget-divider--view-line elementor-widget elementor-widget-divider\" data-id=\"5eb842a\" data-element_type=\"widget\" data-widget_type=\"divider.default\">\n\t\t\t\t<div class=\"elementor-widget-container\">\n\t\t\t\t\t<div class=\"elementor-divider\">\n\t\t\t<span class=\"elementor-divider-separator\">\n\t\t\t\t\t\t<\/span>\n\t\t<\/div>\n\t\t\t\t<\/div>\n\t\t\t\t<\/div>\n\t\t\t\t<div class=\"elementor-element elementor-element-74b541e elementor-widget elementor-widget-heading\" data-id=\"74b541e\" data-element_type=\"widget\" data-widget_type=\"heading.default\">\n\t\t\t\t<div class=\"elementor-widget-container\">\n\t\t\t<h2 class=\"elementor-heading-title elementor-size-default\">Informaci\u00f3n y anexos, solicitud permanencia en el RTE<\/h2>\t\t<\/div>\n\t\t\t\t<\/div>\n\t\t\t\t<section data-particle_enable=\"false\" data-particle-mobile-disabled=\"false\" class=\"elementor-section elementor-inner-section elementor-element elementor-element-6085844 elementor-section-boxed elementor-section-height-default elementor-section-height-default\" data-id=\"6085844\" data-element_type=\"section\">\n\t\t\t\t\t\t<div class=\"elementor-container elementor-column-gap-default\">\n\t\t\t\t\t\t\t<div class=\"elementor-row\">\n\t\t\t\t\t<div class=\"elementor-column elementor-col-50 elementor-inner-column elementor-element elementor-element-e70e420\" data-id=\"e70e420\" data-element_type=\"column\">\n\t\t\t<div class=\"elementor-column-wrap elementor-element-populated\">\n\t\t\t\t\t\t\t<div class=\"elementor-widget-wrap\">\n\t\t\t\t\t\t<div class=\"elementor-element elementor-element-53de5b2 elementor-widget elementor-widget-image\" data-id=\"53de5b2\" data-element_type=\"widget\" data-widget_type=\"image.default\">\n\t\t\t\t<div class=\"elementor-widget-container\">\n\t\t\t\t\t\t\t\t<div class=\"elementor-image\">\n\t\t\t\t\t\t\t\t\t\t\t\t<img width=\"1024\" height=\"683\" src=\"http:\/\/acolvise.org\/wp-content\/uploads\/2022\/06\/Contacto-RTE-imagen-1024x683.jpg\" class=\"attachment-large size-large\" alt=\"\" loading=\"lazy\" srcset=\"http:\/\/acolvise.org\/wp-content\/uploads\/2022\/06\/Contacto-RTE-imagen-1024x683.jpg 1024w, http:\/\/acolvise.org\/wp-content\/uploads\/2022\/06\/Contacto-RTE-imagen-300x200.jpg 300w, http:\/\/acolvise.org\/wp-content\/uploads\/2022\/06\/Contacto-RTE-imagen-768x512.jpg 768w, http:\/\/acolvise.org\/wp-content\/uploads\/2022\/06\/Contacto-RTE-imagen-1536x1024.jpg 1536w, http:\/\/acolvise.org\/wp-content\/uploads\/2022\/06\/Contacto-RTE-imagen-2048x1365.jpg 2048w\" sizes=\"(max-width: 1024px) 100vw, 1024px\" \/>\t\t\t\t\t\t\t\t\t\t\t\t\t\t<\/div>\n\t\t\t\t\t\t<\/div>\n\t\t\t\t<\/div>\n\t\t\t\t\t\t<\/div>\n\t\t\t\t\t<\/div>\n\t\t<\/div>\n\t\t\t\t<div class=\"elementor-column elementor-col-50 elementor-inner-column elementor-element elementor-element-532321e\" data-id=\"532321e\" data-element_type=\"column\">\n\t\t\t<div class=\"elementor-column-wrap elementor-element-populated\">\n\t\t\t\t\t\t\t<div class=\"elementor-widget-wrap\">\n\t\t\t\t\t\t<div class=\"elementor-element elementor-element-51281b8 elementor-widget elementor-widget-text-editor\" data-id=\"51281b8\" data-element_type=\"widget\" data-widget_type=\"text-editor.default\">\n\t\t\t\t<div class=\"elementor-widget-container\">\n\t\t\t\t\t\t\t\t<div class=\"elementor-text-editor elementor-clearfix\">\n\t\t\t\t<p>Consulte aqu\u00ed la informaci\u00f3n y anexos registrados en el SIE-RTE de la Administraci\u00f3n Tributaria para la solicitud de permanencia en el R\u00e9gimen Tributario Especial de la entidad Acolvise<\/p>\t\t\t\t\t<\/div>\n\t\t\t\t\t\t<\/div>\n\t\t\t\t<\/div>\n\t\t\t\t<div class=\"elementor-element elementor-element-e41c6b4 elementor-align-center elementor-widget elementor-widget-button\" data-id=\"e41c6b4\" data-element_type=\"widget\" data-widget_type=\"button.default\">\n\t\t\t\t<div class=\"elementor-widget-container\">\n\t\t\t\t\t<div class=\"elementor-button-wrapper\">\n\t\t\t<a href=\"http:\/\/acolvise.org\/registroweb\/\" target=\"_blank\" class=\"elementor-button-link elementor-button elementor-size-sm\" role=\"button\">\n\t\t\t\t\t\t<span class=\"elementor-button-content-wrapper\">\n\t\t\t\t\t\t<span class=\"elementor-button-text\">Consulta aqu\u00ed<\/span>\n\t\t<\/span>\n\t\t\t\t\t<\/a>\n\t\t<\/div>\n\t\t\t\t<\/div>\n\t\t\t\t<\/div>\n\t\t\t\t\t\t<\/div>\n\t\t\t\t\t<\/div>\n\t\t<\/div>\n\t\t\t\t\t\t\t\t<\/div>\n\t\t\t\t\t<\/div>\n\t\t<\/section>\n\t\t\t\t\t\t<\/div>\n\t\t\t\t\t<\/div>\n\t\t<\/div>\n\t\t\t\t\t\t\t\t<\/div>\n\t\t\t\t\t<\/div>\n\t\t<\/section>\n\t\t\t\t\t\t\t\t\t<\/div>\n\t\t\t<\/div>\n\t\t\t\t\t<\/div>\n\t\t","protected":false},"excerpt":{"rendered":"<p>Comun\u00edcate con nosotros Correspondencia Avenida Calle 17 # 132- 18 Int 24Parque Industrial Urapanes Ll\u00e1manos +57 317 6684247 Escr\u00edbenos info@acolvise.org Informaci\u00f3n y anexos, solicitud permanencia en el RTE Consulte aqu\u00ed la informaci\u00f3n y anexos registrados en el SIE-RTE de la Administraci\u00f3n Tributaria para la solicitud de permanencia en el R\u00e9gimen Tributario Especial de la entidad &#8230; <a title=\"Contacto\" class=\"read-more\" href=\"http:\/\/acolvise.org\/inicio\/contacto\/\">Read more&#8230;<\/a><\/p>\n","protected":false},"author":1,"featured_media":0,"parent":0,"menu_order":0,"comment_status":"closed","ping_status":"closed","template":"","meta":{"_mi_skip_tracking":false},"yoast_head":"<!-- This site is optimized with the Yoast SEO plugin v18.9 - https:\/\/yoast.com\/wordpress\/plugins\/seo\/ -->\n<title>Contacto - Acolvise<\/title>\n<meta name=\"robots\" content=\"index, follow, max-snippet:-1, max-image-preview:large, max-video-preview:-1\" \/>\n<link rel=\"canonical\" href=\"http:\/\/acolvise.org\/inicio\/contacto\/\" \/>\n<meta property=\"og:locale\" content=\"es_ES\" \/>\n<meta property=\"og:type\" content=\"article\" \/>\n<meta property=\"og:title\" content=\"Contacto - Acolvise\" \/>\n<meta property=\"og:description\" content=\"Comun\u00edcate con nosotros Correspondencia Avenida Calle 17 # 132- 18 Int 24Parque Industrial Urapanes Ll\u00e1manos +57 317 6684247 Escr\u00edbenos info@acolvise.org Informaci\u00f3n y anexos, solicitud permanencia en el RTE Consulte aqu\u00ed la informaci\u00f3n y anexos registrados en el SIE-RTE de la Administraci\u00f3n Tributaria para la solicitud de permanencia en el R\u00e9gimen Tributario Especial de la entidad ... Read more...\" \/>\n<meta property=\"og:url\" content=\"http:\/\/acolvise.org\/inicio\/contacto\/\" \/>\n<meta property=\"og:site_name\" content=\"Acolvise\" \/>\n<meta property=\"article:modified_time\" content=\"2023-06-26T14:59:20+00:00\" \/>\n<meta property=\"og:image\" content=\"http:\/\/acolvise.org\/wp-content\/uploads\/2022\/06\/Contacto-RTE-imagen-1024x683.jpg\" \/>\n<meta name=\"twitter:card\" content=\"summary_large_image\" \/>\n<meta name=\"twitter:label1\" content=\"Tiempo de lectura\" \/>\n\t<meta name=\"twitter:data1\" content=\"1 minuto\" \/>\n<script type=\"application\/ld+json\" class=\"yoast-schema-graph\">{\"@context\":\"https:\/\/schema.org\",\"@graph\":[{\"@type\":\"WebSite\",\"@id\":\"http:\/\/acolvise.org\/inicio\/#website\",\"url\":\"http:\/\/acolvise.org\/inicio\/\",\"name\":\"Acolvise\",\"description\":\"\",\"potentialAction\":[{\"@type\":\"SearchAction\",\"target\":{\"@type\":\"EntryPoint\",\"urlTemplate\":\"http:\/\/acolvise.org\/inicio\/?s={search_term_string}\"},\"query-input\":\"required name=search_term_string\"}],\"inLanguage\":\"es\"},{\"@type\":\"ImageObject\",\"inLanguage\":\"es\",\"@id\":\"http:\/\/acolvise.org\/inicio\/contacto\/#primaryimage\",\"url\":\"http:\/\/acolvise.org\/wp-content\/uploads\/2022\/06\/Contacto-RTE-imagen-scaled.jpg\",\"contentUrl\":\"http:\/\/acolvise.org\/wp-content\/uploads\/2022\/06\/Contacto-RTE-imagen-scaled.jpg\",\"width\":2560,\"height\":1706},{\"@type\":\"WebPage\",\"@id\":\"http:\/\/acolvise.org\/inicio\/contacto\/#webpage\",\"url\":\"http:\/\/acolvise.org\/inicio\/contacto\/\",\"name\":\"Contacto - Acolvise\",\"isPartOf\":{\"@id\":\"http:\/\/acolvise.org\/inicio\/#website\"},\"primaryImageOfPage\":{\"@id\":\"http:\/\/acolvise.org\/inicio\/contacto\/#primaryimage\"},\"datePublished\":\"2017-11-02T20:24:16+00:00\",\"dateModified\":\"2023-06-26T14:59:20+00:00\",\"breadcrumb\":{\"@id\":\"http:\/\/acolvise.org\/inicio\/contacto\/#breadcrumb\"},\"inLanguage\":\"es\",\"potentialAction\":[{\"@type\":\"ReadAction\",\"target\":[\"http:\/\/acolvise.org\/inicio\/contacto\/\"]}]},{\"@type\":\"BreadcrumbList\",\"@id\":\"http:\/\/acolvise.org\/inicio\/contacto\/#breadcrumb\",\"itemListElement\":[{\"@type\":\"ListItem\",\"position\":1,\"name\":\"Portada\",\"item\":\"http:\/\/acolvise.org\/inicio\/\"},{\"@type\":\"ListItem\",\"position\":2,\"name\":\"Contacto\"}]}]}<\/script>\n<!-- \/ Yoast SEO plugin. -->","yoast_head_json":{"title":"Contacto - Acolvise","robots":{"index":"index","follow":"follow","max-snippet":"max-snippet:-1","max-image-preview":"max-image-preview:large","max-video-preview":"max-video-preview:-1"},"canonical":"http:\/\/acolvise.org\/inicio\/contacto\/","og_locale":"es_ES","og_type":"article","og_title":"Contacto - Acolvise","og_description":"Comun\u00edcate con nosotros Correspondencia Avenida Calle 17 # 132- 18 Int 24Parque Industrial Urapanes Ll\u00e1manos +57 317 6684247 Escr\u00edbenos info@acolvise.org Informaci\u00f3n y anexos, solicitud permanencia en el RTE Consulte aqu\u00ed la informaci\u00f3n y anexos registrados en el SIE-RTE de la Administraci\u00f3n Tributaria para la solicitud de permanencia en el R\u00e9gimen Tributario Especial de la entidad ... Read more...","og_url":"http:\/\/acolvise.org\/inicio\/contacto\/","og_site_name":"Acolvise","article_modified_time":"2023-06-26T14:59:20+00:00","og_image":[{"url":"http:\/\/acolvise.org\/wp-content\/uploads\/2022\/06\/Contacto-RTE-imagen-1024x683.jpg"}],"twitter_card":"summary_large_image","twitter_misc":{"Tiempo de lectura":"1 minuto"},"schema":{"@context":"https:\/\/schema.org","@graph":[{"@type":"WebSite","@id":"http:\/\/acolvise.org\/inicio\/#website","url":"http:\/\/acolvise.org\/inicio\/","name":"Acolvise","description":"","potentialAction":[{"@type":"SearchAction","target":{"@type":"EntryPoint","urlTemplate":"http:\/\/acolvise.org\/inicio\/?s={search_term_string}"},"query-input":"required name=search_term_string"}],"inLanguage":"es"},{"@type":"ImageObject","inLanguage":"es","@id":"http:\/\/acolvise.org\/inicio\/contacto\/#primaryimage","url":"http:\/\/acolvise.org\/wp-content\/uploads\/2022\/06\/Contacto-RTE-imagen-scaled.jpg","contentUrl":"http:\/\/acolvise.org\/wp-content\/uploads\/2022\/06\/Contacto-RTE-imagen-scaled.jpg","width":2560,"height":1706},{"@type":"WebPage","@id":"http:\/\/acolvise.org\/inicio\/contacto\/#webpage","url":"http:\/\/acolvise.org\/inicio\/contacto\/","name":"Contacto - Acolvise","isPartOf":{"@id":"http:\/\/acolvise.org\/inicio\/#website"},"primaryImageOfPage":{"@id":"http:\/\/acolvise.org\/inicio\/contacto\/#primaryimage"},"datePublished":"2017-11-02T20:24:16+00:00","dateModified":"2023-06-26T14:59:20+00:00","breadcrumb":{"@id":"http:\/\/acolvise.org\/inicio\/contacto\/#breadcrumb"},"inLanguage":"es","potentialAction":[{"@type":"ReadAction","target":["http:\/\/acolvise.org\/inicio\/contacto\/"]}]},{"@type":"BreadcrumbList","@id":"http:\/\/acolvise.org\/inicio\/contacto\/#breadcrumb","itemListElement":[{"@type":"ListItem","position":1,"name":"Portada","item":"http:\/\/acolvise.org\/inicio\/"},{"@type":"ListItem","position":2,"name":"Contacto"}]}]}},"_links":{"self":[{"href":"http:\/\/acolvise.org\/inicio\/wp-json\/wp\/v2\/pages\/998"}],"collection":[{"href":"http:\/\/acolvise.org\/inicio\/wp-json\/wp\/v2\/pages"}],"about":[{"href":"http:\/\/acolvise.org\/inicio\/wp-json\/wp\/v2\/types\/page"}],"author":[{"embeddable":true,"href":"http:\/\/acolvise.org\/inicio\/wp-json\/wp\/v2\/users\/1"}],"replies":[{"embeddable":true,"href":"http:\/\/acolvise.org\/inicio\/wp-json\/wp\/v2\/comments?post=998"}],"version-history":[{"count":70,"href":"http:\/\/acolvise.org\/inicio\/wp-json\/wp\/v2\/pages\/998\/revisions"}],"predecessor-version":[{"id":2843,"href":"http:\/\/acolvise.org\/inicio\/wp-json\/wp\/v2\/pages\/998\/revisions\/2843"}],"wp:attachment":[{"href":"http:\/\/acolvise.org\/inicio\/wp-json\/wp\/v2\/media?parent=998"}],"curies":[{"name":"wp","href":"https:\/\/api.w.org\/{rel}","templated":true}]}}